{"id":1406,"date":"2023-07-31T23:48:51","date_gmt":"2023-07-31T23:48:51","guid":{"rendered":"https:\/\/xn--orgenes-8ya.virginiamedinagarcia.com\/?post_type=product&#038;p=1406"},"modified":"2023-07-31T23:48:51","modified_gmt":"2023-07-31T23:48:51","slug":"kidsscents-refresh","status":"publish","type":"product","link":"https:\/\/xn--orgenes-8ya.virginiamedinagarcia.com\/google93a1bb0255899ae7.html\/producto\/kidsscents-refresh\/","title":{"rendered":"KidsScents Refresh"},"content":{"rendered":"<p>Cuando los peque\u00f1ines de la casa necesiten un respiro, utiliza esta mezcla suave y relajante. Formulada para ni\u00f1os a partir de 2 a\u00f1os, KidScents\u00ae Refresh puede aplicarse directamente en el pecho y la zona de la garganta. El aroma favorece una sensaci\u00f3n de salud y bienestar a la vez que ayuda a deshacerse de sentimientos de malestar. Los vapores relajantes y tranquilizantes de origen natural promueven el bienestar cuando se inhala, ayudando a conseguir una respiraci\u00f3n calmada<\/p>\n<p>Una suave mezcla de eucalipto, palo santo y Young Living R.C.\u00ae, Refresh favorece una respiraci\u00f3n normal y clara durante momentos de desasosiego.<\/p>\n","protected":false},"excerpt":{"rendered":"<p>Triglic\u00e9rido capr\u00edlico\/c\u00e1prico, aceite de hoja de\u00a0<em>Eucalyptus bicostata*<\/em>\u00a0(Eucalipto azul), aceite de madera de\u00a0<em>Bursera graveolens*<\/em>\u00a0(Palo santo), aceite de\u00a0<em>Lavandula angustifolia*\u00a0(Lavanda), aceite de semilla de\u00a0Hyptis suaveolens*\u00a0(Dorado azul), aceite de hoja de\u00a0Cinnamomum camphora*\u00a0(Alcanforero), aceite de\u00a0Myrtus communis*\u00a0(Mirto), aceite de hoja de\u00a0Pinus sylvestris*\u00a0(Pino), aceite de hoja de\u00a0Origanum majorana*\u00a0(Mejorana), aceite de hoja de\u00a0Eucalyptus radiata*, aceite de\u00a0Eucalyptus citriodora*, aceite de hoja\/fruto\/tallo de\u00a0Cupressus sempervirens*\u00a0(Cipr\u00e9s), aceite de hoja de\u00a0Picea mariana*\u00a0(P\u00edcea negra), aceite de\u00a0Mentha piperita*\u00a0(Menta)<\/em><\/p>\n<p>Puede contener: citral**, citronelol**, cumarina**, eugenol**, geraniol**, limoneno** y linalool**.<\/p>\n<p>* Aceite esencial 100% puro.<br \/>\n** Componentes naturales de aceites esenciales.<\/p>\n","protected":false},"featured_media":1304,"comment_status":"open","ping_status":"closed","template":"","meta":{"saved_in_kubio":false,"om_disable_all_campaigns":false,"_monsterinsights_skip_tracking":false,"_monsterinsights_sitenote_active":false,"_monsterinsights_sitenote_note":"","_monsterinsights_sitenote_category":0},"product_brand":[],"product_cat":[55],"product_tag":[58],"class_list":{"0":"post-1406","1":"product","2":"type-product","3":"status-publish","4":"has-post-thumbnail","6":"product_cat-mezcla-de-aceites","7":"product_tag-infantil","9":"first","10":"instock","11":"shipping-taxable","12":"product-type-external"},"yoast_head":"<!-- This site is optimized with the Yoast SEO Premium plugin v22.0 (Yoast SEO v27.6) - https:\/\/yoast.com\/product\/yoast-seo-premium-wordpress\/ -->\n<title>KidsScents Refresh - Or\u00edgenes Esenciales<\/title>\n<meta name=\"robots\" content=\"noindex, follow, max-snippet:-1, max-image-preview:large, max-video-preview:-1\" \/>\n<meta property=\"og:locale\" content=\"es_ES\" \/>\n<meta property=\"og:type\" content=\"article\" \/>\n<meta property=\"og:title\" content=\"KidsScents Refresh\" \/>\n<meta property=\"og:description\" content=\"Triglic\u00e9rido capr\u00edlico\/c\u00e1prico, aceite de hoja de\u00a0Eucalyptus bicostata*\u00a0(Eucalipto azul), aceite de madera de\u00a0Bursera graveolens*\u00a0(Palo santo), aceite de\u00a0Lavandula angustifolia*\u00a0(Lavanda), aceite de semilla de\u00a0Hyptis suaveolens*\u00a0(Dorado azul), aceite de hoja de\u00a0Cinnamomum camphora*\u00a0(Alcanforero), aceite de\u00a0Myrtus communis*\u00a0(Mirto), aceite de hoja de\u00a0Pinus sylvestris*\u00a0(Pino), aceite de hoja de\u00a0Origanum majorana*\u00a0(Mejorana), aceite de hoja de\u00a0Eucalyptus radiata*, aceite de\u00a0Eucalyptus citriodora*, aceite de hoja\/fruto\/tallo de\u00a0Cupressus sempervirens*\u00a0(Cipr\u00e9s), aceite de hoja de\u00a0Picea mariana*\u00a0(P\u00edcea negra), aceite de\u00a0Mentha piperita*\u00a0(Menta)  Puede contener: citral**, citronelol**, cumarina**, eugenol**, geraniol**, limoneno** y linalool**.  * Aceite esencial 100% puro. ** Componentes naturales de aceites esenciales.\" \/>\n<meta property=\"og:url\" content=\"https:\/\/xn--orgenes-8ya.virginiamedinagarcia.com\/google93a1bb0255899ae7.html\/producto\/kidsscents-refresh\/\" \/>\n<meta property=\"og:site_name\" content=\"Or\u00edgenes Esenciales\" \/>\n<meta property=\"og:image\" content=\"https:\/\/xn--orgenes-8ya.virginiamedinagarcia.com\/wp-content\/uploads\/2023\/07\/kidscience-refresh.jpg\" \/>\n\t<meta property=\"og:image:width\" content=\"600\" \/>\n\t<meta property=\"og:image:height\" content=\"600\" \/>\n\t<meta property=\"og:image:type\" content=\"image\/jpeg\" \/>\n<meta name=\"twitter:card\" content=\"summary_large_image\" \/>\n<meta name=\"twitter:label1\" content=\"Tiempo de lectura\" \/>\n\t<meta name=\"twitter:data1\" content=\"1 minuto\" \/>\n<script type=\"application\/ld+json\" class=\"yoast-schema-graph\">{\"@context\":\"https:\\\/\\\/schema.org\",\"@graph\":[{\"@type\":\"WebPage\",\"@id\":\"https:\\\/\\\/xn--orgenes-8ya.virginiamedinagarcia.com\\\/google93a1bb0255899ae7.html\\\/producto\\\/kidsscents-refresh\\\/\",\"url\":\"https:\\\/\\\/xn--orgenes-8ya.virginiamedinagarcia.com\\\/google93a1bb0255899ae7.html\\\/producto\\\/kidsscents-refresh\\\/\",\"name\":\"KidsScents Refresh - Or\u00edgenes Esenciales\",\"isPartOf\":{\"@id\":\"https:\\\/\\\/xn--orgenes-8ya.virginiamedinagarcia.com\\\/google93a1bb0255899ae7.html\\\/#website\"},\"primaryImageOfPage\":{\"@id\":\"https:\\\/\\\/xn--orgenes-8ya.virginiamedinagarcia.com\\\/google93a1bb0255899ae7.html\\\/producto\\\/kidsscents-refresh\\\/#primaryimage\"},\"image\":{\"@id\":\"https:\\\/\\\/xn--orgenes-8ya.virginiamedinagarcia.com\\\/google93a1bb0255899ae7.html\\\/producto\\\/kidsscents-refresh\\\/#primaryimage\"},\"thumbnailUrl\":\"https:\\\/\\\/xn--orgenes-8ya.virginiamedinagarcia.com\\\/wp-content\\\/uploads\\\/2023\\\/07\\\/kidscience-refresh.jpg\",\"datePublished\":\"2023-07-31T23:48:51+00:00\",\"breadcrumb\":{\"@id\":\"https:\\\/\\\/xn--orgenes-8ya.virginiamedinagarcia.com\\\/google93a1bb0255899ae7.html\\\/producto\\\/kidsscents-refresh\\\/#breadcrumb\"},\"inLanguage\":\"es\",\"potentialAction\":[{\"@type\":\"ReadAction\",\"target\":[\"https:\\\/\\\/xn--orgenes-8ya.virginiamedinagarcia.com\\\/google93a1bb0255899ae7.html\\\/producto\\\/kidsscents-refresh\\\/\"]}]},{\"@type\":\"ImageObject\",\"inLanguage\":\"es\",\"@id\":\"https:\\\/\\\/xn--orgenes-8ya.virginiamedinagarcia.com\\\/google93a1bb0255899ae7.html\\\/producto\\\/kidsscents-refresh\\\/#primaryimage\",\"url\":\"https:\\\/\\\/xn--orgenes-8ya.virginiamedinagarcia.com\\\/wp-content\\\/uploads\\\/2023\\\/07\\\/kidscience-refresh.jpg\",\"contentUrl\":\"https:\\\/\\\/xn--orgenes-8ya.virginiamedinagarcia.com\\\/wp-content\\\/uploads\\\/2023\\\/07\\\/kidscience-refresh.jpg\",\"width\":600,\"height\":600},{\"@type\":\"BreadcrumbList\",\"@id\":\"https:\\\/\\\/xn--orgenes-8ya.virginiamedinagarcia.com\\\/google93a1bb0255899ae7.html\\\/producto\\\/kidsscents-refresh\\\/#breadcrumb\",\"itemListElement\":[{\"@type\":\"ListItem\",\"position\":1,\"name\":\"Portada\",\"item\":\"https:\\\/\\\/xn--orgenes-8ya.virginiamedinagarcia.com\\\/google93a1bb0255899ae7.html\\\/\"},{\"@type\":\"ListItem\",\"position\":2,\"name\":\"Tienda Young living\",\"item\":\"https:\\\/\\\/xn--orgenes-8ya.virginiamedinagarcia.com\\\/google93a1bb0255899ae7.html\\\/tienda-young-living\\\/\"},{\"@type\":\"ListItem\",\"position\":3,\"name\":\"KidsScents Refresh\"}]},{\"@type\":\"WebSite\",\"@id\":\"https:\\\/\\\/xn--orgenes-8ya.virginiamedinagarcia.com\\\/google93a1bb0255899ae7.html\\\/#website\",\"url\":\"https:\\\/\\\/xn--orgenes-8ya.virginiamedinagarcia.com\\\/google93a1bb0255899ae7.html\\\/\",\"name\":\"Or\u00edgenes Esenciales\",\"description\":\"Todo un mundo de crecimiento personal \",\"publisher\":{\"@id\":\"https:\\\/\\\/xn--orgenes-8ya.virginiamedinagarcia.com\\\/google93a1bb0255899ae7.html\\\/#organization\"},\"potentialAction\":[{\"@type\":\"SearchAction\",\"target\":{\"@type\":\"EntryPoint\",\"urlTemplate\":\"https:\\\/\\\/xn--orgenes-8ya.virginiamedinagarcia.com\\\/google93a1bb0255899ae7.html\\\/?s={search_term_string}\"},\"query-input\":{\"@type\":\"PropertyValueSpecification\",\"valueRequired\":true,\"valueName\":\"search_term_string\"}}],\"inLanguage\":\"es\"},{\"@type\":\"Organization\",\"@id\":\"https:\\\/\\\/xn--orgenes-8ya.virginiamedinagarcia.com\\\/google93a1bb0255899ae7.html\\\/#organization\",\"name\":\"Or\u00edgenes Esenciales\",\"url\":\"https:\\\/\\\/xn--orgenes-8ya.virginiamedinagarcia.com\\\/google93a1bb0255899ae7.html\\\/\",\"logo\":{\"@type\":\"ImageObject\",\"inLanguage\":\"es\",\"@id\":\"https:\\\/\\\/xn--orgenes-8ya.virginiamedinagarcia.com\\\/google93a1bb0255899ae7.html\\\/#\\\/schema\\\/logo\\\/image\\\/\",\"url\":\"https:\\\/\\\/xn--orgenes-8ya.virginiamedinagarcia.com\\\/wp-content\\\/uploads\\\/2024\\\/02\\\/cropped-Logo-ORIGENES-ESENCIALES-WEB.png\",\"contentUrl\":\"https:\\\/\\\/xn--orgenes-8ya.virginiamedinagarcia.com\\\/wp-content\\\/uploads\\\/2024\\\/02\\\/cropped-Logo-ORIGENES-ESENCIALES-WEB.png\",\"width\":500,\"height\":378,\"caption\":\"Or\u00edgenes Esenciales\"},\"image\":{\"@id\":\"https:\\\/\\\/xn--orgenes-8ya.virginiamedinagarcia.com\\\/google93a1bb0255899ae7.html\\\/#\\\/schema\\\/logo\\\/image\\\/\"}}]}<\/script>\n<!-- \/ Yoast SEO Premium plugin. -->","yoast_head_json":{"title":"KidsScents Refresh - Or\u00edgenes Esenciales","robots":{"index":"noindex","follow":"follow","max-snippet":"max-snippet:-1","max-image-preview":"max-image-preview:large","max-video-preview":"max-video-preview:-1"},"og_locale":"es_ES","og_type":"article","og_title":"KidsScents Refresh","og_description":"Triglic\u00e9rido capr\u00edlico\/c\u00e1prico, aceite de hoja de\u00a0Eucalyptus bicostata*\u00a0(Eucalipto azul), aceite de madera de\u00a0Bursera graveolens*\u00a0(Palo santo), aceite de\u00a0Lavandula angustifolia*\u00a0(Lavanda), aceite de semilla de\u00a0Hyptis suaveolens*\u00a0(Dorado azul), aceite de hoja de\u00a0Cinnamomum camphora*\u00a0(Alcanforero), aceite de\u00a0Myrtus communis*\u00a0(Mirto), aceite de hoja de\u00a0Pinus sylvestris*\u00a0(Pino), aceite de hoja de\u00a0Origanum majorana*\u00a0(Mejorana), aceite de hoja de\u00a0Eucalyptus radiata*, aceite de\u00a0Eucalyptus citriodora*, aceite de hoja\/fruto\/tallo de\u00a0Cupressus sempervirens*\u00a0(Cipr\u00e9s), aceite de hoja de\u00a0Picea mariana*\u00a0(P\u00edcea negra), aceite de\u00a0Mentha piperita*\u00a0(Menta)  Puede contener: citral**, citronelol**, cumarina**, eugenol**, geraniol**, limoneno** y linalool**.  * Aceite esencial 100% puro. ** Componentes naturales de aceites esenciales.","og_url":"https:\/\/xn--orgenes-8ya.virginiamedinagarcia.com\/google93a1bb0255899ae7.html\/producto\/kidsscents-refresh\/","og_site_name":"Or\u00edgenes Esenciales","og_image":[{"width":600,"height":600,"url":"https:\/\/xn--orgenes-8ya.virginiamedinagarcia.com\/wp-content\/uploads\/2023\/07\/kidscience-refresh.jpg","type":"image\/jpeg"}],"twitter_card":"summary_large_image","twitter_misc":{"Tiempo de lectura":"1 minuto"},"schema":{"@context":"https:\/\/schema.org","@graph":[{"@type":"WebPage","@id":"https:\/\/xn--orgenes-8ya.virginiamedinagarcia.com\/google93a1bb0255899ae7.html\/producto\/kidsscents-refresh\/","url":"https:\/\/xn--orgenes-8ya.virginiamedinagarcia.com\/google93a1bb0255899ae7.html\/producto\/kidsscents-refresh\/","name":"KidsScents Refresh - Or\u00edgenes Esenciales","isPartOf":{"@id":"https:\/\/xn--orgenes-8ya.virginiamedinagarcia.com\/google93a1bb0255899ae7.html\/#website"},"primaryImageOfPage":{"@id":"https:\/\/xn--orgenes-8ya.virginiamedinagarcia.com\/google93a1bb0255899ae7.html\/producto\/kidsscents-refresh\/#primaryimage"},"image":{"@id":"https:\/\/xn--orgenes-8ya.virginiamedinagarcia.com\/google93a1bb0255899ae7.html\/producto\/kidsscents-refresh\/#primaryimage"},"thumbnailUrl":"https:\/\/xn--orgenes-8ya.virginiamedinagarcia.com\/wp-content\/uploads\/2023\/07\/kidscience-refresh.jpg","datePublished":"2023-07-31T23:48:51+00:00","breadcrumb":{"@id":"https:\/\/xn--orgenes-8ya.virginiamedinagarcia.com\/google93a1bb0255899ae7.html\/producto\/kidsscents-refresh\/#breadcrumb"},"inLanguage":"es","potentialAction":[{"@type":"ReadAction","target":["https:\/\/xn--orgenes-8ya.virginiamedinagarcia.com\/google93a1bb0255899ae7.html\/producto\/kidsscents-refresh\/"]}]},{"@type":"ImageObject","inLanguage":"es","@id":"https:\/\/xn--orgenes-8ya.virginiamedinagarcia.com\/google93a1bb0255899ae7.html\/producto\/kidsscents-refresh\/#primaryimage","url":"https:\/\/xn--orgenes-8ya.virginiamedinagarcia.com\/wp-content\/uploads\/2023\/07\/kidscience-refresh.jpg","contentUrl":"https:\/\/xn--orgenes-8ya.virginiamedinagarcia.com\/wp-content\/uploads\/2023\/07\/kidscience-refresh.jpg","width":600,"height":600},{"@type":"BreadcrumbList","@id":"https:\/\/xn--orgenes-8ya.virginiamedinagarcia.com\/google93a1bb0255899ae7.html\/producto\/kidsscents-refresh\/#breadcrumb","itemListElement":[{"@type":"ListItem","position":1,"name":"Portada","item":"https:\/\/xn--orgenes-8ya.virginiamedinagarcia.com\/google93a1bb0255899ae7.html\/"},{"@type":"ListItem","position":2,"name":"Tienda Young living","item":"https:\/\/xn--orgenes-8ya.virginiamedinagarcia.com\/google93a1bb0255899ae7.html\/tienda-young-living\/"},{"@type":"ListItem","position":3,"name":"KidsScents Refresh"}]},{"@type":"WebSite","@id":"https:\/\/xn--orgenes-8ya.virginiamedinagarcia.com\/google93a1bb0255899ae7.html\/#website","url":"https:\/\/xn--orgenes-8ya.virginiamedinagarcia.com\/google93a1bb0255899ae7.html\/","name":"Or\u00edgenes Esenciales","description":"Todo un mundo de crecimiento personal ","publisher":{"@id":"https:\/\/xn--orgenes-8ya.virginiamedinagarcia.com\/google93a1bb0255899ae7.html\/#organization"},"potentialAction":[{"@type":"SearchAction","target":{"@type":"EntryPoint","urlTemplate":"https:\/\/xn--orgenes-8ya.virginiamedinagarcia.com\/google93a1bb0255899ae7.html\/?s={search_term_string}"},"query-input":{"@type":"PropertyValueSpecification","valueRequired":true,"valueName":"search_term_string"}}],"inLanguage":"es"},{"@type":"Organization","@id":"https:\/\/xn--orgenes-8ya.virginiamedinagarcia.com\/google93a1bb0255899ae7.html\/#organization","name":"Or\u00edgenes Esenciales","url":"https:\/\/xn--orgenes-8ya.virginiamedinagarcia.com\/google93a1bb0255899ae7.html\/","logo":{"@type":"ImageObject","inLanguage":"es","@id":"https:\/\/xn--orgenes-8ya.virginiamedinagarcia.com\/google93a1bb0255899ae7.html\/#\/schema\/logo\/image\/","url":"https:\/\/xn--orgenes-8ya.virginiamedinagarcia.com\/wp-content\/uploads\/2024\/02\/cropped-Logo-ORIGENES-ESENCIALES-WEB.png","contentUrl":"https:\/\/xn--orgenes-8ya.virginiamedinagarcia.com\/wp-content\/uploads\/2024\/02\/cropped-Logo-ORIGENES-ESENCIALES-WEB.png","width":500,"height":378,"caption":"Or\u00edgenes Esenciales"},"image":{"@id":"https:\/\/xn--orgenes-8ya.virginiamedinagarcia.com\/google93a1bb0255899ae7.html\/#\/schema\/logo\/image\/"}}]}},"_links":{"self":[{"href":"https:\/\/xn--orgenes-8ya.virginiamedinagarcia.com\/google93a1bb0255899ae7.html\/wp-json\/wp\/v2\/product\/1406","targetHints":{"allow":["GET"]}}],"collection":[{"href":"https:\/\/xn--orgenes-8ya.virginiamedinagarcia.com\/google93a1bb0255899ae7.html\/wp-json\/wp\/v2\/product"}],"about":[{"href":"https:\/\/xn--orgenes-8ya.virginiamedinagarcia.com\/google93a1bb0255899ae7.html\/wp-json\/wp\/v2\/types\/product"}],"replies":[{"embeddable":true,"href":"https:\/\/xn--orgenes-8ya.virginiamedinagarcia.com\/google93a1bb0255899ae7.html\/wp-json\/wp\/v2\/comments?post=1406"}],"version-history":[{"count":0,"href":"https:\/\/xn--orgenes-8ya.virginiamedinagarcia.com\/google93a1bb0255899ae7.html\/wp-json\/wp\/v2\/product\/1406\/revisions"}],"wp:featuredmedia":[{"embeddable":true,"href":"https:\/\/xn--orgenes-8ya.virginiamedinagarcia.com\/google93a1bb0255899ae7.html\/wp-json\/wp\/v2\/media\/1304"}],"wp:attachment":[{"href":"https:\/\/xn--orgenes-8ya.virginiamedinagarcia.com\/google93a1bb0255899ae7.html\/wp-json\/wp\/v2\/media?parent=1406"}],"wp:term":[{"taxonomy":"product_brand","embeddable":true,"href":"https:\/\/xn--orgenes-8ya.virginiamedinagarcia.com\/google93a1bb0255899ae7.html\/wp-json\/wp\/v2\/product_brand?post=1406"},{"taxonomy":"product_cat","embeddable":true,"href":"https:\/\/xn--orgenes-8ya.virginiamedinagarcia.com\/google93a1bb0255899ae7.html\/wp-json\/wp\/v2\/product_cat?post=1406"},{"taxonomy":"product_tag","embeddable":true,"href":"https:\/\/xn--orgenes-8ya.virginiamedinagarcia.com\/google93a1bb0255899ae7.html\/wp-json\/wp\/v2\/product_tag?post=1406"}],"curies":[{"name":"wp","href":"https:\/\/api.w.org\/{rel}","templated":true}]}}