{"id":1377,"date":"2023-07-31T17:50:28","date_gmt":"2023-07-31T17:50:28","guid":{"rendered":"https:\/\/xn--orgenes-8ya.virginiamedinagarcia.com\/?post_type=product&#038;p=1377"},"modified":"2023-07-31T17:50:28","modified_gmt":"2023-07-31T17:50:28","slug":"life-your-passion","status":"publish","type":"product","link":"https:\/\/xn--orgenes-8ya.virginiamedinagarcia.com\/google93a1bb0255899ae7.html\/producto\/life-your-passion\/","title":{"rendered":"Life your Passion"},"content":{"rendered":"<p>Revoluciona las cosas con la mezcla de aceites esenciales Live Your Passion. Llena de las vigorizantes notas de los aceites de naranja, lima e ylang ylang. Inspira confianza y claridad, enciende tu pasi\u00f3n y tu prop\u00f3sito aplic\u00e1ndolo en tu cuello y lleva esta deliciosa fragancia contigo todo el d\u00eda. Pon 6-8 gotas y 120 g de sales Epsom en un ba\u00f1o caliente para disfrutar de su aroma energizante. Esta mezcla empoderante te permite conectar con tu aut\u00e9ntico yo fijando tus objetivos para que puedas vivir tu mejor vida.<\/p>\n","protected":false},"excerpt":{"rendered":"<p>Aceite de c\u00e1scara de\u00a0<i>Citrus aurantium dulcis<\/i>* (Naranja), aceite de madera de\u00a0<i>Santalum paniculatum<\/i>* (Royal Hawaiian Sandalwood), aceite de fruto de\u00a0<i>Myristica fragrans<\/i>* (Nuez moscada), aceite de c\u00e1scara de\u00a0<i>Citrus aurantifolia<\/i>* (Lima), aceite de rama\/hoja\/madera de\u00a0<i>Picea pungens<\/i>* (P\u00edcea azul de Idaho), aceite de hoja de\u00a0<i>Picea mariana<\/i>* (P\u00edcea negra Northern Lights), aceite de flor de\u00a0<i>Cananga odorata<\/i>* (Ylang ylang), aceite de\u00a0<i>Boswellia carterii<\/i>* (Incienso), aceite de hoja de\u00a0<i>Mentha spicata<\/i>* (Hierbabuena).<\/p>\n<p>Puede contener: alcohol de bencilo**, benzoato de bencilo**, salicilato de bencilo**, citral**, citronelol**, eugenol**, farnesol**, geraniol**, isoeugenol**, limoneno** y linalool**.<\/p>\n<p>*100% aceite esencial puro<br \/>\n**Componentes naturales de aceites esenciales<\/p>\n","protected":false},"featured_media":1306,"comment_status":"open","ping_status":"closed","template":"","meta":{"saved_in_kubio":false,"om_disable_all_campaigns":false,"_monsterinsights_skip_tracking":false,"_monsterinsights_sitenote_active":false,"_monsterinsights_sitenote_note":"","_monsterinsights_sitenote_category":0},"product_brand":[],"product_cat":[55],"product_tag":[56],"class_list":{"0":"post-1377","1":"product","2":"type-product","3":"status-publish","4":"has-post-thumbnail","6":"product_cat-mezcla-de-aceites","7":"product_tag-mezcla-de-aceites","9":"first","10":"instock","11":"shipping-taxable","12":"product-type-external"},"yoast_head":"<!-- This site is optimized with the Yoast SEO Premium plugin v22.0 (Yoast SEO v27.6) - https:\/\/yoast.com\/product\/yoast-seo-premium-wordpress\/ -->\n<title>Life your Passion - Or\u00edgenes Esenciales<\/title>\n<meta name=\"robots\" content=\"noindex, follow, max-snippet:-1, max-image-preview:large, max-video-preview:-1\" \/>\n<meta property=\"og:locale\" content=\"es_ES\" \/>\n<meta property=\"og:type\" content=\"article\" \/>\n<meta property=\"og:title\" content=\"Life your Passion\" \/>\n<meta property=\"og:description\" content=\"Aceite de c\u00e1scara de\u00a0Citrus aurantium dulcis* (Naranja), aceite de madera de\u00a0Santalum paniculatum* (Royal Hawaiian Sandalwood), aceite de fruto de\u00a0Myristica fragrans* (Nuez moscada), aceite de c\u00e1scara de\u00a0Citrus aurantifolia* (Lima), aceite de rama\/hoja\/madera de\u00a0Picea pungens* (P\u00edcea azul de Idaho), aceite de hoja de\u00a0Picea mariana* (P\u00edcea negra Northern Lights), aceite de flor de\u00a0Cananga odorata* (Ylang ylang), aceite de\u00a0Boswellia carterii* (Incienso), aceite de hoja de\u00a0Mentha spicata* (Hierbabuena).  Puede contener: alcohol de bencilo**, benzoato de bencilo**, salicilato de bencilo**, citral**, citronelol**, eugenol**, farnesol**, geraniol**, isoeugenol**, limoneno** y linalool**.  *100% aceite esencial puro **Componentes naturales de aceites esenciales\" \/>\n<meta property=\"og:url\" content=\"https:\/\/xn--orgenes-8ya.virginiamedinagarcia.com\/google93a1bb0255899ae7.html\/producto\/life-your-passion\/\" \/>\n<meta property=\"og:site_name\" content=\"Or\u00edgenes Esenciales\" \/>\n<meta property=\"og:image\" content=\"https:\/\/xn--orgenes-8ya.virginiamedinagarcia.com\/wp-content\/uploads\/2023\/07\/Life-your-passion.jpg\" \/>\n\t<meta property=\"og:image:width\" content=\"250\" \/>\n\t<meta property=\"og:image:height\" content=\"250\" \/>\n\t<meta property=\"og:image:type\" content=\"image\/jpeg\" \/>\n<meta name=\"twitter:card\" content=\"summary_large_image\" \/>\n<script type=\"application\/ld+json\" class=\"yoast-schema-graph\">{\"@context\":\"https:\\\/\\\/schema.org\",\"@graph\":[{\"@type\":\"WebPage\",\"@id\":\"https:\\\/\\\/xn--orgenes-8ya.virginiamedinagarcia.com\\\/google93a1bb0255899ae7.html\\\/producto\\\/life-your-passion\\\/\",\"url\":\"https:\\\/\\\/xn--orgenes-8ya.virginiamedinagarcia.com\\\/google93a1bb0255899ae7.html\\\/producto\\\/life-your-passion\\\/\",\"name\":\"Life your Passion - Or\u00edgenes Esenciales\",\"isPartOf\":{\"@id\":\"https:\\\/\\\/xn--orgenes-8ya.virginiamedinagarcia.com\\\/google93a1bb0255899ae7.html\\\/#website\"},\"primaryImageOfPage\":{\"@id\":\"https:\\\/\\\/xn--orgenes-8ya.virginiamedinagarcia.com\\\/google93a1bb0255899ae7.html\\\/producto\\\/life-your-passion\\\/#primaryimage\"},\"image\":{\"@id\":\"https:\\\/\\\/xn--orgenes-8ya.virginiamedinagarcia.com\\\/google93a1bb0255899ae7.html\\\/producto\\\/life-your-passion\\\/#primaryimage\"},\"thumbnailUrl\":\"https:\\\/\\\/xn--orgenes-8ya.virginiamedinagarcia.com\\\/wp-content\\\/uploads\\\/2023\\\/07\\\/Life-your-passion.jpg\",\"datePublished\":\"2023-07-31T17:50:28+00:00\",\"breadcrumb\":{\"@id\":\"https:\\\/\\\/xn--orgenes-8ya.virginiamedinagarcia.com\\\/google93a1bb0255899ae7.html\\\/producto\\\/life-your-passion\\\/#breadcrumb\"},\"inLanguage\":\"es\",\"potentialAction\":[{\"@type\":\"ReadAction\",\"target\":[\"https:\\\/\\\/xn--orgenes-8ya.virginiamedinagarcia.com\\\/google93a1bb0255899ae7.html\\\/producto\\\/life-your-passion\\\/\"]}]},{\"@type\":\"ImageObject\",\"inLanguage\":\"es\",\"@id\":\"https:\\\/\\\/xn--orgenes-8ya.virginiamedinagarcia.com\\\/google93a1bb0255899ae7.html\\\/producto\\\/life-your-passion\\\/#primaryimage\",\"url\":\"https:\\\/\\\/xn--orgenes-8ya.virginiamedinagarcia.com\\\/wp-content\\\/uploads\\\/2023\\\/07\\\/Life-your-passion.jpg\",\"contentUrl\":\"https:\\\/\\\/xn--orgenes-8ya.virginiamedinagarcia.com\\\/wp-content\\\/uploads\\\/2023\\\/07\\\/Life-your-passion.jpg\",\"width\":250,\"height\":250},{\"@type\":\"BreadcrumbList\",\"@id\":\"https:\\\/\\\/xn--orgenes-8ya.virginiamedinagarcia.com\\\/google93a1bb0255899ae7.html\\\/producto\\\/life-your-passion\\\/#breadcrumb\",\"itemListElement\":[{\"@type\":\"ListItem\",\"position\":1,\"name\":\"Portada\",\"item\":\"https:\\\/\\\/xn--orgenes-8ya.virginiamedinagarcia.com\\\/google93a1bb0255899ae7.html\\\/\"},{\"@type\":\"ListItem\",\"position\":2,\"name\":\"Tienda Young living\",\"item\":\"https:\\\/\\\/xn--orgenes-8ya.virginiamedinagarcia.com\\\/google93a1bb0255899ae7.html\\\/tienda-young-living\\\/\"},{\"@type\":\"ListItem\",\"position\":3,\"name\":\"Life your Passion\"}]},{\"@type\":\"WebSite\",\"@id\":\"https:\\\/\\\/xn--orgenes-8ya.virginiamedinagarcia.com\\\/google93a1bb0255899ae7.html\\\/#website\",\"url\":\"https:\\\/\\\/xn--orgenes-8ya.virginiamedinagarcia.com\\\/google93a1bb0255899ae7.html\\\/\",\"name\":\"Or\u00edgenes Esenciales\",\"description\":\"Todo un mundo de crecimiento personal \",\"publisher\":{\"@id\":\"https:\\\/\\\/xn--orgenes-8ya.virginiamedinagarcia.com\\\/google93a1bb0255899ae7.html\\\/#organization\"},\"potentialAction\":[{\"@type\":\"SearchAction\",\"target\":{\"@type\":\"EntryPoint\",\"urlTemplate\":\"https:\\\/\\\/xn--orgenes-8ya.virginiamedinagarcia.com\\\/google93a1bb0255899ae7.html\\\/?s={search_term_string}\"},\"query-input\":{\"@type\":\"PropertyValueSpecification\",\"valueRequired\":true,\"valueName\":\"search_term_string\"}}],\"inLanguage\":\"es\"},{\"@type\":\"Organization\",\"@id\":\"https:\\\/\\\/xn--orgenes-8ya.virginiamedinagarcia.com\\\/google93a1bb0255899ae7.html\\\/#organization\",\"name\":\"Or\u00edgenes Esenciales\",\"url\":\"https:\\\/\\\/xn--orgenes-8ya.virginiamedinagarcia.com\\\/google93a1bb0255899ae7.html\\\/\",\"logo\":{\"@type\":\"ImageObject\",\"inLanguage\":\"es\",\"@id\":\"https:\\\/\\\/xn--orgenes-8ya.virginiamedinagarcia.com\\\/google93a1bb0255899ae7.html\\\/#\\\/schema\\\/logo\\\/image\\\/\",\"url\":\"https:\\\/\\\/xn--orgenes-8ya.virginiamedinagarcia.com\\\/wp-content\\\/uploads\\\/2024\\\/02\\\/cropped-Logo-ORIGENES-ESENCIALES-WEB.png\",\"contentUrl\":\"https:\\\/\\\/xn--orgenes-8ya.virginiamedinagarcia.com\\\/wp-content\\\/uploads\\\/2024\\\/02\\\/cropped-Logo-ORIGENES-ESENCIALES-WEB.png\",\"width\":500,\"height\":378,\"caption\":\"Or\u00edgenes Esenciales\"},\"image\":{\"@id\":\"https:\\\/\\\/xn--orgenes-8ya.virginiamedinagarcia.com\\\/google93a1bb0255899ae7.html\\\/#\\\/schema\\\/logo\\\/image\\\/\"}}]}<\/script>\n<!-- \/ Yoast SEO Premium plugin. -->","yoast_head_json":{"title":"Life your Passion - Or\u00edgenes Esenciales","robots":{"index":"noindex","follow":"follow","max-snippet":"max-snippet:-1","max-image-preview":"max-image-preview:large","max-video-preview":"max-video-preview:-1"},"og_locale":"es_ES","og_type":"article","og_title":"Life your Passion","og_description":"Aceite de c\u00e1scara de\u00a0Citrus aurantium dulcis* (Naranja), aceite de madera de\u00a0Santalum paniculatum* (Royal Hawaiian Sandalwood), aceite de fruto de\u00a0Myristica fragrans* (Nuez moscada), aceite de c\u00e1scara de\u00a0Citrus aurantifolia* (Lima), aceite de rama\/hoja\/madera de\u00a0Picea pungens* (P\u00edcea azul de Idaho), aceite de hoja de\u00a0Picea mariana* (P\u00edcea negra Northern Lights), aceite de flor de\u00a0Cananga odorata* (Ylang ylang), aceite de\u00a0Boswellia carterii* (Incienso), aceite de hoja de\u00a0Mentha spicata* (Hierbabuena).  Puede contener: alcohol de bencilo**, benzoato de bencilo**, salicilato de bencilo**, citral**, citronelol**, eugenol**, farnesol**, geraniol**, isoeugenol**, limoneno** y linalool**.  *100% aceite esencial puro **Componentes naturales de aceites esenciales","og_url":"https:\/\/xn--orgenes-8ya.virginiamedinagarcia.com\/google93a1bb0255899ae7.html\/producto\/life-your-passion\/","og_site_name":"Or\u00edgenes Esenciales","og_image":[{"width":250,"height":250,"url":"https:\/\/xn--orgenes-8ya.virginiamedinagarcia.com\/wp-content\/uploads\/2023\/07\/Life-your-passion.jpg","type":"image\/jpeg"}],"twitter_card":"summary_large_image","schema":{"@context":"https:\/\/schema.org","@graph":[{"@type":"WebPage","@id":"https:\/\/xn--orgenes-8ya.virginiamedinagarcia.com\/google93a1bb0255899ae7.html\/producto\/life-your-passion\/","url":"https:\/\/xn--orgenes-8ya.virginiamedinagarcia.com\/google93a1bb0255899ae7.html\/producto\/life-your-passion\/","name":"Life your Passion - Or\u00edgenes Esenciales","isPartOf":{"@id":"https:\/\/xn--orgenes-8ya.virginiamedinagarcia.com\/google93a1bb0255899ae7.html\/#website"},"primaryImageOfPage":{"@id":"https:\/\/xn--orgenes-8ya.virginiamedinagarcia.com\/google93a1bb0255899ae7.html\/producto\/life-your-passion\/#primaryimage"},"image":{"@id":"https:\/\/xn--orgenes-8ya.virginiamedinagarcia.com\/google93a1bb0255899ae7.html\/producto\/life-your-passion\/#primaryimage"},"thumbnailUrl":"https:\/\/xn--orgenes-8ya.virginiamedinagarcia.com\/wp-content\/uploads\/2023\/07\/Life-your-passion.jpg","datePublished":"2023-07-31T17:50:28+00:00","breadcrumb":{"@id":"https:\/\/xn--orgenes-8ya.virginiamedinagarcia.com\/google93a1bb0255899ae7.html\/producto\/life-your-passion\/#breadcrumb"},"inLanguage":"es","potentialAction":[{"@type":"ReadAction","target":["https:\/\/xn--orgenes-8ya.virginiamedinagarcia.com\/google93a1bb0255899ae7.html\/producto\/life-your-passion\/"]}]},{"@type":"ImageObject","inLanguage":"es","@id":"https:\/\/xn--orgenes-8ya.virginiamedinagarcia.com\/google93a1bb0255899ae7.html\/producto\/life-your-passion\/#primaryimage","url":"https:\/\/xn--orgenes-8ya.virginiamedinagarcia.com\/wp-content\/uploads\/2023\/07\/Life-your-passion.jpg","contentUrl":"https:\/\/xn--orgenes-8ya.virginiamedinagarcia.com\/wp-content\/uploads\/2023\/07\/Life-your-passion.jpg","width":250,"height":250},{"@type":"BreadcrumbList","@id":"https:\/\/xn--orgenes-8ya.virginiamedinagarcia.com\/google93a1bb0255899ae7.html\/producto\/life-your-passion\/#breadcrumb","itemListElement":[{"@type":"ListItem","position":1,"name":"Portada","item":"https:\/\/xn--orgenes-8ya.virginiamedinagarcia.com\/google93a1bb0255899ae7.html\/"},{"@type":"ListItem","position":2,"name":"Tienda Young living","item":"https:\/\/xn--orgenes-8ya.virginiamedinagarcia.com\/google93a1bb0255899ae7.html\/tienda-young-living\/"},{"@type":"ListItem","position":3,"name":"Life your Passion"}]},{"@type":"WebSite","@id":"https:\/\/xn--orgenes-8ya.virginiamedinagarcia.com\/google93a1bb0255899ae7.html\/#website","url":"https:\/\/xn--orgenes-8ya.virginiamedinagarcia.com\/google93a1bb0255899ae7.html\/","name":"Or\u00edgenes Esenciales","description":"Todo un mundo de crecimiento personal ","publisher":{"@id":"https:\/\/xn--orgenes-8ya.virginiamedinagarcia.com\/google93a1bb0255899ae7.html\/#organization"},"potentialAction":[{"@type":"SearchAction","target":{"@type":"EntryPoint","urlTemplate":"https:\/\/xn--orgenes-8ya.virginiamedinagarcia.com\/google93a1bb0255899ae7.html\/?s={search_term_string}"},"query-input":{"@type":"PropertyValueSpecification","valueRequired":true,"valueName":"search_term_string"}}],"inLanguage":"es"},{"@type":"Organization","@id":"https:\/\/xn--orgenes-8ya.virginiamedinagarcia.com\/google93a1bb0255899ae7.html\/#organization","name":"Or\u00edgenes Esenciales","url":"https:\/\/xn--orgenes-8ya.virginiamedinagarcia.com\/google93a1bb0255899ae7.html\/","logo":{"@type":"ImageObject","inLanguage":"es","@id":"https:\/\/xn--orgenes-8ya.virginiamedinagarcia.com\/google93a1bb0255899ae7.html\/#\/schema\/logo\/image\/","url":"https:\/\/xn--orgenes-8ya.virginiamedinagarcia.com\/wp-content\/uploads\/2024\/02\/cropped-Logo-ORIGENES-ESENCIALES-WEB.png","contentUrl":"https:\/\/xn--orgenes-8ya.virginiamedinagarcia.com\/wp-content\/uploads\/2024\/02\/cropped-Logo-ORIGENES-ESENCIALES-WEB.png","width":500,"height":378,"caption":"Or\u00edgenes Esenciales"},"image":{"@id":"https:\/\/xn--orgenes-8ya.virginiamedinagarcia.com\/google93a1bb0255899ae7.html\/#\/schema\/logo\/image\/"}}]}},"_links":{"self":[{"href":"https:\/\/xn--orgenes-8ya.virginiamedinagarcia.com\/google93a1bb0255899ae7.html\/wp-json\/wp\/v2\/product\/1377","targetHints":{"allow":["GET"]}}],"collection":[{"href":"https:\/\/xn--orgenes-8ya.virginiamedinagarcia.com\/google93a1bb0255899ae7.html\/wp-json\/wp\/v2\/product"}],"about":[{"href":"https:\/\/xn--orgenes-8ya.virginiamedinagarcia.com\/google93a1bb0255899ae7.html\/wp-json\/wp\/v2\/types\/product"}],"replies":[{"embeddable":true,"href":"https:\/\/xn--orgenes-8ya.virginiamedinagarcia.com\/google93a1bb0255899ae7.html\/wp-json\/wp\/v2\/comments?post=1377"}],"version-history":[{"count":0,"href":"https:\/\/xn--orgenes-8ya.virginiamedinagarcia.com\/google93a1bb0255899ae7.html\/wp-json\/wp\/v2\/product\/1377\/revisions"}],"wp:featuredmedia":[{"embeddable":true,"href":"https:\/\/xn--orgenes-8ya.virginiamedinagarcia.com\/google93a1bb0255899ae7.html\/wp-json\/wp\/v2\/media\/1306"}],"wp:attachment":[{"href":"https:\/\/xn--orgenes-8ya.virginiamedinagarcia.com\/google93a1bb0255899ae7.html\/wp-json\/wp\/v2\/media?parent=1377"}],"wp:term":[{"taxonomy":"product_brand","embeddable":true,"href":"https:\/\/xn--orgenes-8ya.virginiamedinagarcia.com\/google93a1bb0255899ae7.html\/wp-json\/wp\/v2\/product_brand?post=1377"},{"taxonomy":"product_cat","embeddable":true,"href":"https:\/\/xn--orgenes-8ya.virginiamedinagarcia.com\/google93a1bb0255899ae7.html\/wp-json\/wp\/v2\/product_cat?post=1377"},{"taxonomy":"product_tag","embeddable":true,"href":"https:\/\/xn--orgenes-8ya.virginiamedinagarcia.com\/google93a1bb0255899ae7.html\/wp-json\/wp\/v2\/product_tag?post=1377"}],"curies":[{"name":"wp","href":"https:\/\/api.w.org\/{rel}","templated":true}]}}