{"id":1366,"date":"2023-07-31T16:43:26","date_gmt":"2023-07-31T16:43:26","guid":{"rendered":"https:\/\/xn--orgenes-8ya.virginiamedinagarcia.com\/?post_type=product&#038;p=1366"},"modified":"2023-07-31T16:43:26","modified_gmt":"2023-07-31T16:43:26","slug":"harmony","status":"publish","type":"product","link":"https:\/\/xn--orgenes-8ya.virginiamedinagarcia.com\/google93a1bb0255899ae7.html\/producto\/harmony\/","title":{"rendered":"Harmony"},"content":{"rendered":"<p>La mezcla de aceites esenciales Harmony es una exquisita combinaci\u00f3n de diecis\u00e9is aceites de m\u00e1xima calidad.<\/p>\n<p>Imagina que est\u00e1s relaj\u00e1ndote con los ojos cerrados escuchando una m\u00fasica que hace volar tu alma, en una armoniosa cena de fin de semana con tus seres queridos o viendo como se pone el sol c\u00e1mara en mano; estos momentos quedan capturados en la mezcla espiritual y emocional de D. Gary Young: Harmony.<\/p>\n<p>Tiene una manera maravillosa de potenciar lo mejor de cada uno, despertando sensaciones de bienestar f\u00edsico y emocional. Los aromas liberadores y calmantes de Harmony pueden abrirnos a nuevas posibilidades.<\/p>\n<p>Equilibra tu energ\u00eda mientras disfrutas de la fragancia de Harmony.<\/p>\n","protected":false},"excerpt":{"rendered":"<p>Aceite de madera de\u00a0<i><em>Santalum album<\/em><\/i>* (S\u00e1ndalo sagrado), aceite de\u00a0<i><em>Lavandula angustifolia<\/em><\/i>* (Lavanda), aceite de flor de\u00a0<i><em>Cananga odorata<\/em><\/i>* (Ylang ylang), aceite de\u00a0<i><em>Boswellia carterii<\/em><\/i>* (Incienso), aceite de c\u00e1scara de\u00a0<i><em>Citrus aurantium dulcis<\/em><\/i>* (Naranja), aceite de ra\u00edz de\u00a0<i><em>Angelica archangelica<\/em><\/i>* (Ang\u00e9lica), aceite de flor de\u00a0<i><em>Pelargonium graveolens<\/em><\/i>* (Geranio), aceite de hoja de\u00a0<i><em>Hyssopus officinalis<\/em><\/i>* (Hisopo), aceite de hoja de (<i><em>Salvia lavandulifolia<\/em><\/i>* (Salvia espa\u00f1ola), aceite de hoja de\u00a0<i><em>Picea mariana<\/em><\/i>* (P\u00edcea negra), aceite de semilla de\u00a0<i><em>Coriandrum sativum<\/em><\/i>* (Cilantro), aceite de c\u00e1scara de\u00a0<i><em>Citrus aurantium bergamia<\/em><\/i>* (Bergamota sin furanocumarina), aceite de c\u00e1scara de\u00a0<i><em>Citrus limon<\/em><\/i>* (Lim\u00f3n), aceite de\u00a0<i><em>Jasminum officinale<\/em><\/i>^^ (Jazm\u00edn), aceite de flor de\u00a0<i><em>Anthemis nobilis<\/em><\/i>* (Manzanilla), aceite de\u00a0<i><em>Cymbopogon martini<\/em><\/i>* (Palmarosa), aceite de flor de\u00a0<i><em>Rosa damascena<\/em><\/i><em>\u00a0<\/em>* (Rosa).<\/p>\n<p>Puede contener: alcohol de bencilo**, benzoato de bencilo**, salicilato de bencilo**, cinnamal*, alcohol cinnamil**, citral**, citronelol**, eugenol**, farnesol**, geraniol**, isoeugenol**, limoneno**, linalool**.<\/p>\n<p>* Aceite esencial 100 % puro.<br \/>\n^^ Absoluto 100 % puro.<br \/>\n** Componentes naturales de aceites esenciales.<\/p>\n","protected":false},"featured_media":1367,"comment_status":"open","ping_status":"closed","template":"","meta":{"saved_in_kubio":false,"om_disable_all_campaigns":false,"_monsterinsights_skip_tracking":false,"_monsterinsights_sitenote_active":false,"_monsterinsights_sitenote_note":"","_monsterinsights_sitenote_category":0},"product_brand":[],"product_cat":[55],"product_tag":[56],"class_list":{"0":"post-1366","1":"product","2":"type-product","3":"status-publish","4":"has-post-thumbnail","6":"product_cat-mezcla-de-aceites","7":"product_tag-mezcla-de-aceites","9":"first","10":"instock","11":"shipping-taxable","12":"product-type-external"},"yoast_head":"<!-- This site is optimized with the Yoast SEO Premium plugin v22.0 (Yoast SEO v27.6) - https:\/\/yoast.com\/product\/yoast-seo-premium-wordpress\/ -->\n<title>Harmony - Or\u00edgenes Esenciales<\/title>\n<meta name=\"robots\" content=\"noindex, follow, max-snippet:-1, max-image-preview:large, max-video-preview:-1\" \/>\n<meta property=\"og:locale\" content=\"es_ES\" \/>\n<meta property=\"og:type\" content=\"article\" \/>\n<meta property=\"og:title\" content=\"Harmony\" \/>\n<meta property=\"og:description\" content=\"Aceite de madera de\u00a0Santalum album* (S\u00e1ndalo sagrado), aceite de\u00a0Lavandula angustifolia* (Lavanda), aceite de flor de\u00a0Cananga odorata* (Ylang ylang), aceite de\u00a0Boswellia carterii* (Incienso), aceite de c\u00e1scara de\u00a0Citrus aurantium dulcis* (Naranja), aceite de ra\u00edz de\u00a0Angelica archangelica* (Ang\u00e9lica), aceite de flor de\u00a0Pelargonium graveolens* (Geranio), aceite de hoja de\u00a0Hyssopus officinalis* (Hisopo), aceite de hoja de (Salvia lavandulifolia* (Salvia espa\u00f1ola), aceite de hoja de\u00a0Picea mariana* (P\u00edcea negra), aceite de semilla de\u00a0Coriandrum sativum* (Cilantro), aceite de c\u00e1scara de\u00a0Citrus aurantium bergamia* (Bergamota sin furanocumarina), aceite de c\u00e1scara de\u00a0Citrus limon* (Lim\u00f3n), aceite de\u00a0Jasminum officinale^^ (Jazm\u00edn), aceite de flor de\u00a0Anthemis nobilis* (Manzanilla), aceite de\u00a0Cymbopogon martini* (Palmarosa), aceite de flor de\u00a0Rosa damascena\u00a0* (Rosa).  Puede contener: alcohol de bencilo**, benzoato de bencilo**, salicilato de bencilo**, cinnamal*, alcohol cinnamil**, citral**, citronelol**, eugenol**, farnesol**, geraniol**, isoeugenol**, limoneno**, linalool**.  * Aceite esencial 100 % puro. ^^ Absoluto 100 % puro. ** Componentes naturales de aceites esenciales.\" \/>\n<meta property=\"og:url\" content=\"https:\/\/xn--orgenes-8ya.virginiamedinagarcia.com\/google93a1bb0255899ae7.html\/producto\/harmony\/\" \/>\n<meta property=\"og:site_name\" content=\"Or\u00edgenes Esenciales\" \/>\n<meta property=\"og:image\" content=\"https:\/\/xn--orgenes-8ya.virginiamedinagarcia.com\/wp-content\/uploads\/2023\/07\/harmony-1.jpg\" \/>\n\t<meta property=\"og:image:width\" content=\"250\" \/>\n\t<meta property=\"og:image:height\" content=\"250\" \/>\n\t<meta property=\"og:image:type\" content=\"image\/jpeg\" \/>\n<meta name=\"twitter:card\" content=\"summary_large_image\" \/>\n<meta name=\"twitter:label1\" content=\"Tiempo de lectura\" \/>\n\t<meta name=\"twitter:data1\" content=\"1 minuto\" \/>\n<script type=\"application\/ld+json\" class=\"yoast-schema-graph\">{\"@context\":\"https:\\\/\\\/schema.org\",\"@graph\":[{\"@type\":\"WebPage\",\"@id\":\"https:\\\/\\\/xn--orgenes-8ya.virginiamedinagarcia.com\\\/google93a1bb0255899ae7.html\\\/producto\\\/harmony\\\/\",\"url\":\"https:\\\/\\\/xn--orgenes-8ya.virginiamedinagarcia.com\\\/google93a1bb0255899ae7.html\\\/producto\\\/harmony\\\/\",\"name\":\"Harmony - Or\u00edgenes Esenciales\",\"isPartOf\":{\"@id\":\"https:\\\/\\\/xn--orgenes-8ya.virginiamedinagarcia.com\\\/google93a1bb0255899ae7.html\\\/#website\"},\"primaryImageOfPage\":{\"@id\":\"https:\\\/\\\/xn--orgenes-8ya.virginiamedinagarcia.com\\\/google93a1bb0255899ae7.html\\\/producto\\\/harmony\\\/#primaryimage\"},\"image\":{\"@id\":\"https:\\\/\\\/xn--orgenes-8ya.virginiamedinagarcia.com\\\/google93a1bb0255899ae7.html\\\/producto\\\/harmony\\\/#primaryimage\"},\"thumbnailUrl\":\"https:\\\/\\\/xn--orgenes-8ya.virginiamedinagarcia.com\\\/wp-content\\\/uploads\\\/2023\\\/07\\\/harmony-1.jpg\",\"datePublished\":\"2023-07-31T16:43:26+00:00\",\"breadcrumb\":{\"@id\":\"https:\\\/\\\/xn--orgenes-8ya.virginiamedinagarcia.com\\\/google93a1bb0255899ae7.html\\\/producto\\\/harmony\\\/#breadcrumb\"},\"inLanguage\":\"es\",\"potentialAction\":[{\"@type\":\"ReadAction\",\"target\":[\"https:\\\/\\\/xn--orgenes-8ya.virginiamedinagarcia.com\\\/google93a1bb0255899ae7.html\\\/producto\\\/harmony\\\/\"]}]},{\"@type\":\"ImageObject\",\"inLanguage\":\"es\",\"@id\":\"https:\\\/\\\/xn--orgenes-8ya.virginiamedinagarcia.com\\\/google93a1bb0255899ae7.html\\\/producto\\\/harmony\\\/#primaryimage\",\"url\":\"https:\\\/\\\/xn--orgenes-8ya.virginiamedinagarcia.com\\\/wp-content\\\/uploads\\\/2023\\\/07\\\/harmony-1.jpg\",\"contentUrl\":\"https:\\\/\\\/xn--orgenes-8ya.virginiamedinagarcia.com\\\/wp-content\\\/uploads\\\/2023\\\/07\\\/harmony-1.jpg\",\"width\":250,\"height\":250},{\"@type\":\"BreadcrumbList\",\"@id\":\"https:\\\/\\\/xn--orgenes-8ya.virginiamedinagarcia.com\\\/google93a1bb0255899ae7.html\\\/producto\\\/harmony\\\/#breadcrumb\",\"itemListElement\":[{\"@type\":\"ListItem\",\"position\":1,\"name\":\"Portada\",\"item\":\"https:\\\/\\\/xn--orgenes-8ya.virginiamedinagarcia.com\\\/google93a1bb0255899ae7.html\\\/\"},{\"@type\":\"ListItem\",\"position\":2,\"name\":\"Tienda Young living\",\"item\":\"https:\\\/\\\/xn--orgenes-8ya.virginiamedinagarcia.com\\\/google93a1bb0255899ae7.html\\\/tienda-young-living\\\/\"},{\"@type\":\"ListItem\",\"position\":3,\"name\":\"Harmony\"}]},{\"@type\":\"WebSite\",\"@id\":\"https:\\\/\\\/xn--orgenes-8ya.virginiamedinagarcia.com\\\/google93a1bb0255899ae7.html\\\/#website\",\"url\":\"https:\\\/\\\/xn--orgenes-8ya.virginiamedinagarcia.com\\\/google93a1bb0255899ae7.html\\\/\",\"name\":\"Or\u00edgenes Esenciales\",\"description\":\"Todo un mundo de crecimiento personal \",\"publisher\":{\"@id\":\"https:\\\/\\\/xn--orgenes-8ya.virginiamedinagarcia.com\\\/google93a1bb0255899ae7.html\\\/#organization\"},\"potentialAction\":[{\"@type\":\"SearchAction\",\"target\":{\"@type\":\"EntryPoint\",\"urlTemplate\":\"https:\\\/\\\/xn--orgenes-8ya.virginiamedinagarcia.com\\\/google93a1bb0255899ae7.html\\\/?s={search_term_string}\"},\"query-input\":{\"@type\":\"PropertyValueSpecification\",\"valueRequired\":true,\"valueName\":\"search_term_string\"}}],\"inLanguage\":\"es\"},{\"@type\":\"Organization\",\"@id\":\"https:\\\/\\\/xn--orgenes-8ya.virginiamedinagarcia.com\\\/google93a1bb0255899ae7.html\\\/#organization\",\"name\":\"Or\u00edgenes Esenciales\",\"url\":\"https:\\\/\\\/xn--orgenes-8ya.virginiamedinagarcia.com\\\/google93a1bb0255899ae7.html\\\/\",\"logo\":{\"@type\":\"ImageObject\",\"inLanguage\":\"es\",\"@id\":\"https:\\\/\\\/xn--orgenes-8ya.virginiamedinagarcia.com\\\/google93a1bb0255899ae7.html\\\/#\\\/schema\\\/logo\\\/image\\\/\",\"url\":\"https:\\\/\\\/xn--orgenes-8ya.virginiamedinagarcia.com\\\/wp-content\\\/uploads\\\/2024\\\/02\\\/cropped-Logo-ORIGENES-ESENCIALES-WEB.png\",\"contentUrl\":\"https:\\\/\\\/xn--orgenes-8ya.virginiamedinagarcia.com\\\/wp-content\\\/uploads\\\/2024\\\/02\\\/cropped-Logo-ORIGENES-ESENCIALES-WEB.png\",\"width\":500,\"height\":378,\"caption\":\"Or\u00edgenes Esenciales\"},\"image\":{\"@id\":\"https:\\\/\\\/xn--orgenes-8ya.virginiamedinagarcia.com\\\/google93a1bb0255899ae7.html\\\/#\\\/schema\\\/logo\\\/image\\\/\"}}]}<\/script>\n<!-- \/ Yoast SEO Premium plugin. -->","yoast_head_json":{"title":"Harmony - Or\u00edgenes Esenciales","robots":{"index":"noindex","follow":"follow","max-snippet":"max-snippet:-1","max-image-preview":"max-image-preview:large","max-video-preview":"max-video-preview:-1"},"og_locale":"es_ES","og_type":"article","og_title":"Harmony","og_description":"Aceite de madera de\u00a0Santalum album* (S\u00e1ndalo sagrado), aceite de\u00a0Lavandula angustifolia* (Lavanda), aceite de flor de\u00a0Cananga odorata* (Ylang ylang), aceite de\u00a0Boswellia carterii* (Incienso), aceite de c\u00e1scara de\u00a0Citrus aurantium dulcis* (Naranja), aceite de ra\u00edz de\u00a0Angelica archangelica* (Ang\u00e9lica), aceite de flor de\u00a0Pelargonium graveolens* (Geranio), aceite de hoja de\u00a0Hyssopus officinalis* (Hisopo), aceite de hoja de (Salvia lavandulifolia* (Salvia espa\u00f1ola), aceite de hoja de\u00a0Picea mariana* (P\u00edcea negra), aceite de semilla de\u00a0Coriandrum sativum* (Cilantro), aceite de c\u00e1scara de\u00a0Citrus aurantium bergamia* (Bergamota sin furanocumarina), aceite de c\u00e1scara de\u00a0Citrus limon* (Lim\u00f3n), aceite de\u00a0Jasminum officinale^^ (Jazm\u00edn), aceite de flor de\u00a0Anthemis nobilis* (Manzanilla), aceite de\u00a0Cymbopogon martini* (Palmarosa), aceite de flor de\u00a0Rosa damascena\u00a0* (Rosa).  Puede contener: alcohol de bencilo**, benzoato de bencilo**, salicilato de bencilo**, cinnamal*, alcohol cinnamil**, citral**, citronelol**, eugenol**, farnesol**, geraniol**, isoeugenol**, limoneno**, linalool**.  * Aceite esencial 100 % puro. ^^ Absoluto 100 % puro. ** Componentes naturales de aceites esenciales.","og_url":"https:\/\/xn--orgenes-8ya.virginiamedinagarcia.com\/google93a1bb0255899ae7.html\/producto\/harmony\/","og_site_name":"Or\u00edgenes Esenciales","og_image":[{"width":250,"height":250,"url":"https:\/\/xn--orgenes-8ya.virginiamedinagarcia.com\/wp-content\/uploads\/2023\/07\/harmony-1.jpg","type":"image\/jpeg"}],"twitter_card":"summary_large_image","twitter_misc":{"Tiempo de lectura":"1 minuto"},"schema":{"@context":"https:\/\/schema.org","@graph":[{"@type":"WebPage","@id":"https:\/\/xn--orgenes-8ya.virginiamedinagarcia.com\/google93a1bb0255899ae7.html\/producto\/harmony\/","url":"https:\/\/xn--orgenes-8ya.virginiamedinagarcia.com\/google93a1bb0255899ae7.html\/producto\/harmony\/","name":"Harmony - Or\u00edgenes Esenciales","isPartOf":{"@id":"https:\/\/xn--orgenes-8ya.virginiamedinagarcia.com\/google93a1bb0255899ae7.html\/#website"},"primaryImageOfPage":{"@id":"https:\/\/xn--orgenes-8ya.virginiamedinagarcia.com\/google93a1bb0255899ae7.html\/producto\/harmony\/#primaryimage"},"image":{"@id":"https:\/\/xn--orgenes-8ya.virginiamedinagarcia.com\/google93a1bb0255899ae7.html\/producto\/harmony\/#primaryimage"},"thumbnailUrl":"https:\/\/xn--orgenes-8ya.virginiamedinagarcia.com\/wp-content\/uploads\/2023\/07\/harmony-1.jpg","datePublished":"2023-07-31T16:43:26+00:00","breadcrumb":{"@id":"https:\/\/xn--orgenes-8ya.virginiamedinagarcia.com\/google93a1bb0255899ae7.html\/producto\/harmony\/#breadcrumb"},"inLanguage":"es","potentialAction":[{"@type":"ReadAction","target":["https:\/\/xn--orgenes-8ya.virginiamedinagarcia.com\/google93a1bb0255899ae7.html\/producto\/harmony\/"]}]},{"@type":"ImageObject","inLanguage":"es","@id":"https:\/\/xn--orgenes-8ya.virginiamedinagarcia.com\/google93a1bb0255899ae7.html\/producto\/harmony\/#primaryimage","url":"https:\/\/xn--orgenes-8ya.virginiamedinagarcia.com\/wp-content\/uploads\/2023\/07\/harmony-1.jpg","contentUrl":"https:\/\/xn--orgenes-8ya.virginiamedinagarcia.com\/wp-content\/uploads\/2023\/07\/harmony-1.jpg","width":250,"height":250},{"@type":"BreadcrumbList","@id":"https:\/\/xn--orgenes-8ya.virginiamedinagarcia.com\/google93a1bb0255899ae7.html\/producto\/harmony\/#breadcrumb","itemListElement":[{"@type":"ListItem","position":1,"name":"Portada","item":"https:\/\/xn--orgenes-8ya.virginiamedinagarcia.com\/google93a1bb0255899ae7.html\/"},{"@type":"ListItem","position":2,"name":"Tienda Young living","item":"https:\/\/xn--orgenes-8ya.virginiamedinagarcia.com\/google93a1bb0255899ae7.html\/tienda-young-living\/"},{"@type":"ListItem","position":3,"name":"Harmony"}]},{"@type":"WebSite","@id":"https:\/\/xn--orgenes-8ya.virginiamedinagarcia.com\/google93a1bb0255899ae7.html\/#website","url":"https:\/\/xn--orgenes-8ya.virginiamedinagarcia.com\/google93a1bb0255899ae7.html\/","name":"Or\u00edgenes Esenciales","description":"Todo un mundo de crecimiento personal ","publisher":{"@id":"https:\/\/xn--orgenes-8ya.virginiamedinagarcia.com\/google93a1bb0255899ae7.html\/#organization"},"potentialAction":[{"@type":"SearchAction","target":{"@type":"EntryPoint","urlTemplate":"https:\/\/xn--orgenes-8ya.virginiamedinagarcia.com\/google93a1bb0255899ae7.html\/?s={search_term_string}"},"query-input":{"@type":"PropertyValueSpecification","valueRequired":true,"valueName":"search_term_string"}}],"inLanguage":"es"},{"@type":"Organization","@id":"https:\/\/xn--orgenes-8ya.virginiamedinagarcia.com\/google93a1bb0255899ae7.html\/#organization","name":"Or\u00edgenes Esenciales","url":"https:\/\/xn--orgenes-8ya.virginiamedinagarcia.com\/google93a1bb0255899ae7.html\/","logo":{"@type":"ImageObject","inLanguage":"es","@id":"https:\/\/xn--orgenes-8ya.virginiamedinagarcia.com\/google93a1bb0255899ae7.html\/#\/schema\/logo\/image\/","url":"https:\/\/xn--orgenes-8ya.virginiamedinagarcia.com\/wp-content\/uploads\/2024\/02\/cropped-Logo-ORIGENES-ESENCIALES-WEB.png","contentUrl":"https:\/\/xn--orgenes-8ya.virginiamedinagarcia.com\/wp-content\/uploads\/2024\/02\/cropped-Logo-ORIGENES-ESENCIALES-WEB.png","width":500,"height":378,"caption":"Or\u00edgenes Esenciales"},"image":{"@id":"https:\/\/xn--orgenes-8ya.virginiamedinagarcia.com\/google93a1bb0255899ae7.html\/#\/schema\/logo\/image\/"}}]}},"_links":{"self":[{"href":"https:\/\/xn--orgenes-8ya.virginiamedinagarcia.com\/google93a1bb0255899ae7.html\/wp-json\/wp\/v2\/product\/1366","targetHints":{"allow":["GET"]}}],"collection":[{"href":"https:\/\/xn--orgenes-8ya.virginiamedinagarcia.com\/google93a1bb0255899ae7.html\/wp-json\/wp\/v2\/product"}],"about":[{"href":"https:\/\/xn--orgenes-8ya.virginiamedinagarcia.com\/google93a1bb0255899ae7.html\/wp-json\/wp\/v2\/types\/product"}],"replies":[{"embeddable":true,"href":"https:\/\/xn--orgenes-8ya.virginiamedinagarcia.com\/google93a1bb0255899ae7.html\/wp-json\/wp\/v2\/comments?post=1366"}],"version-history":[{"count":0,"href":"https:\/\/xn--orgenes-8ya.virginiamedinagarcia.com\/google93a1bb0255899ae7.html\/wp-json\/wp\/v2\/product\/1366\/revisions"}],"wp:featuredmedia":[{"embeddable":true,"href":"https:\/\/xn--orgenes-8ya.virginiamedinagarcia.com\/google93a1bb0255899ae7.html\/wp-json\/wp\/v2\/media\/1367"}],"wp:attachment":[{"href":"https:\/\/xn--orgenes-8ya.virginiamedinagarcia.com\/google93a1bb0255899ae7.html\/wp-json\/wp\/v2\/media?parent=1366"}],"wp:term":[{"taxonomy":"product_brand","embeddable":true,"href":"https:\/\/xn--orgenes-8ya.virginiamedinagarcia.com\/google93a1bb0255899ae7.html\/wp-json\/wp\/v2\/product_brand?post=1366"},{"taxonomy":"product_cat","embeddable":true,"href":"https:\/\/xn--orgenes-8ya.virginiamedinagarcia.com\/google93a1bb0255899ae7.html\/wp-json\/wp\/v2\/product_cat?post=1366"},{"taxonomy":"product_tag","embeddable":true,"href":"https:\/\/xn--orgenes-8ya.virginiamedinagarcia.com\/google93a1bb0255899ae7.html\/wp-json\/wp\/v2\/product_tag?post=1366"}],"curies":[{"name":"wp","href":"https:\/\/api.w.org\/{rel}","templated":true}]}}