{"id":1355,"date":"2023-07-31T16:09:46","date_gmt":"2023-07-31T16:09:46","guid":{"rendered":"https:\/\/xn--orgenes-8ya.virginiamedinagarcia.com\/?post_type=product&#038;p=1355"},"modified":"2023-07-31T16:09:46","modified_gmt":"2023-07-31T16:09:46","slug":"dream-catcher","status":"publish","type":"product","link":"https:\/\/xn--orgenes-8ya.virginiamedinagarcia.com\/google93a1bb0255899ae7.html\/producto\/dream-catcher\/","title":{"rendered":"Dream Catcher"},"content":{"rendered":"<p>No solo sigas tus sue\u00f1os, pers\u00edguelos con la mezcla de aceites esenciales Dream Catcher. Deleita tus sentidos con las notas florales de Ylang Ylang y calma tu alma con las intensas fragancias del s\u00e1ndalo y el an\u00eds. Eleva, inspira y motiva con esta mezcla herb\u00e1cea, elaborada con las hierbas y extractos bot\u00e1nicos la m\u00e1xima calidad. Solo tienes que ponerlo en tu cuello para llevar un aroma energizante y empoderante durante largo tiempo.<\/p>\n","protected":false},"excerpt":{"rendered":"<p>Aceite de\u00a0<i>Santalum album<\/i>* (S\u00e1ndalo), aceite de c\u00e1scara de\u00a0<i>Citrus reticulata<\/i>* (Clementina), aceite de flor de\u00a0<i>Cananga odorata<\/i>* (Ylang ylang), aceite de fruto de\u00a0<i>Piper nigrum<\/i>* (Pimienta negra), aceite de c\u00e1scara\u00a0<i>Citrus aurantium bergamia<\/i>* (Bergamota), aceite de semilla de\u00a0<i>Pimpinella anisum<\/i>* an\u00eds, aceite de\u00a0<i>Juniperus osteosperma<\/i>* (Enebro), aceite de flor de\u00a0<i>Pelargonium graveolens<\/i>* (Geranio), aceite de madera de\u00a0<i>Callitris intratropica<\/i>\u00a0(Cipr\u00e9s azul), aceite de flor de\u00a0<i>Artemisia pallens<\/i>* (Davana), extracto de hoja de (<i>Citrus hystrix<\/i>* (Lima kafir), aceite de\u00a0<i>Jasminum officinale<\/i>^^ (Jazm\u00edn), aceite de flor de\u00a0<i>Chamomilla recutita<\/i>* (Manzanilla alemana), aceite de flor de\u00a0<i>Tanacetum annuum<\/i>* (Tanaceto azul), aceite de flor de\u00a0<i>Rosa damascena<\/i>* (Rosa), aceite de c\u00e1scara de\u00a0<i>Citrus paradisi<\/i>* (Pomelo), extracto de hoja de\u00a0<i>Mentha spicata<\/i>* (Hierbabuena), aceite de c\u00e1scara de\u00a0<i>Citrus limon<\/i>* (Limon), aceite de hoja de\u00a0<i>Ocotea quixos<\/i>* (Ocotea).<\/p>\n<p>Puede contener: alcohol de bencilo**, benzoato de bencilo**, salicilato de bencilo**, cinnamal*, alcohol cinnamil**, citral**, citronelol**, eugenol**, farnesol**, geraniol**, isoeugenol**, limoneno**, linalool**.<\/p>\n<p>*100% aceite esencial puro.<br \/>\n^^100% puro absoluto.<br \/>\n**Componentes naturales de aceites esenciales.<\/p>\n","protected":false},"featured_media":1278,"comment_status":"open","ping_status":"closed","template":"","meta":{"saved_in_kubio":false,"om_disable_all_campaigns":false,"_monsterinsights_skip_tracking":false,"_monsterinsights_sitenote_active":false,"_monsterinsights_sitenote_note":"","_monsterinsights_sitenote_category":0},"product_brand":[],"product_cat":[55],"product_tag":[56],"class_list":{"0":"post-1355","1":"product","2":"type-product","3":"status-publish","4":"has-post-thumbnail","6":"product_cat-mezcla-de-aceites","7":"product_tag-mezcla-de-aceites","9":"first","10":"instock","11":"shipping-taxable","12":"product-type-external"},"yoast_head":"<!-- This site is optimized with the Yoast SEO Premium plugin v22.0 (Yoast SEO v27.6) - https:\/\/yoast.com\/product\/yoast-seo-premium-wordpress\/ -->\n<title>Dream Catcher - Or\u00edgenes Esenciales<\/title>\n<meta name=\"robots\" content=\"noindex, follow, max-snippet:-1, max-image-preview:large, max-video-preview:-1\" \/>\n<meta property=\"og:locale\" content=\"es_ES\" \/>\n<meta property=\"og:type\" content=\"article\" \/>\n<meta property=\"og:title\" content=\"Dream Catcher\" \/>\n<meta property=\"og:description\" content=\"Aceite de\u00a0Santalum album* (S\u00e1ndalo), aceite de c\u00e1scara de\u00a0Citrus reticulata* (Clementina), aceite de flor de\u00a0Cananga odorata* (Ylang ylang), aceite de fruto de\u00a0Piper nigrum* (Pimienta negra), aceite de c\u00e1scara\u00a0Citrus aurantium bergamia* (Bergamota), aceite de semilla de\u00a0Pimpinella anisum* an\u00eds, aceite de\u00a0Juniperus osteosperma* (Enebro), aceite de flor de\u00a0Pelargonium graveolens* (Geranio), aceite de madera de\u00a0Callitris intratropica\u00a0(Cipr\u00e9s azul), aceite de flor de\u00a0Artemisia pallens* (Davana), extracto de hoja de (Citrus hystrix* (Lima kafir), aceite de\u00a0Jasminum officinale^^ (Jazm\u00edn), aceite de flor de\u00a0Chamomilla recutita* (Manzanilla alemana), aceite de flor de\u00a0Tanacetum annuum* (Tanaceto azul), aceite de flor de\u00a0Rosa damascena* (Rosa), aceite de c\u00e1scara de\u00a0Citrus paradisi* (Pomelo), extracto de hoja de\u00a0Mentha spicata* (Hierbabuena), aceite de c\u00e1scara de\u00a0Citrus limon* (Limon), aceite de hoja de\u00a0Ocotea quixos* (Ocotea).  Puede contener: alcohol de bencilo**, benzoato de bencilo**, salicilato de bencilo**, cinnamal*, alcohol cinnamil**, citral**, citronelol**, eugenol**, farnesol**, geraniol**, isoeugenol**, limoneno**, linalool**.  *100% aceite esencial puro. ^^100% puro absoluto. **Componentes naturales de aceites esenciales.\" \/>\n<meta property=\"og:url\" content=\"https:\/\/xn--orgenes-8ya.virginiamedinagarcia.com\/google93a1bb0255899ae7.html\/producto\/dream-catcher\/\" \/>\n<meta property=\"og:site_name\" content=\"Or\u00edgenes Esenciales\" \/>\n<meta property=\"og:image\" content=\"https:\/\/xn--orgenes-8ya.virginiamedinagarcia.com\/wp-content\/uploads\/2023\/07\/dream-catcher.jpg\" \/>\n\t<meta property=\"og:image:width\" content=\"250\" \/>\n\t<meta property=\"og:image:height\" content=\"250\" \/>\n\t<meta property=\"og:image:type\" content=\"image\/jpeg\" \/>\n<meta name=\"twitter:card\" content=\"summary_large_image\" \/>\n<script type=\"application\/ld+json\" class=\"yoast-schema-graph\">{\"@context\":\"https:\\\/\\\/schema.org\",\"@graph\":[{\"@type\":\"WebPage\",\"@id\":\"https:\\\/\\\/xn--orgenes-8ya.virginiamedinagarcia.com\\\/google93a1bb0255899ae7.html\\\/producto\\\/dream-catcher\\\/\",\"url\":\"https:\\\/\\\/xn--orgenes-8ya.virginiamedinagarcia.com\\\/google93a1bb0255899ae7.html\\\/producto\\\/dream-catcher\\\/\",\"name\":\"Dream Catcher - Or\u00edgenes Esenciales\",\"isPartOf\":{\"@id\":\"https:\\\/\\\/xn--orgenes-8ya.virginiamedinagarcia.com\\\/google93a1bb0255899ae7.html\\\/#website\"},\"primaryImageOfPage\":{\"@id\":\"https:\\\/\\\/xn--orgenes-8ya.virginiamedinagarcia.com\\\/google93a1bb0255899ae7.html\\\/producto\\\/dream-catcher\\\/#primaryimage\"},\"image\":{\"@id\":\"https:\\\/\\\/xn--orgenes-8ya.virginiamedinagarcia.com\\\/google93a1bb0255899ae7.html\\\/producto\\\/dream-catcher\\\/#primaryimage\"},\"thumbnailUrl\":\"https:\\\/\\\/xn--orgenes-8ya.virginiamedinagarcia.com\\\/wp-content\\\/uploads\\\/2023\\\/07\\\/dream-catcher.jpg\",\"datePublished\":\"2023-07-31T16:09:46+00:00\",\"breadcrumb\":{\"@id\":\"https:\\\/\\\/xn--orgenes-8ya.virginiamedinagarcia.com\\\/google93a1bb0255899ae7.html\\\/producto\\\/dream-catcher\\\/#breadcrumb\"},\"inLanguage\":\"es\",\"potentialAction\":[{\"@type\":\"ReadAction\",\"target\":[\"https:\\\/\\\/xn--orgenes-8ya.virginiamedinagarcia.com\\\/google93a1bb0255899ae7.html\\\/producto\\\/dream-catcher\\\/\"]}]},{\"@type\":\"ImageObject\",\"inLanguage\":\"es\",\"@id\":\"https:\\\/\\\/xn--orgenes-8ya.virginiamedinagarcia.com\\\/google93a1bb0255899ae7.html\\\/producto\\\/dream-catcher\\\/#primaryimage\",\"url\":\"https:\\\/\\\/xn--orgenes-8ya.virginiamedinagarcia.com\\\/wp-content\\\/uploads\\\/2023\\\/07\\\/dream-catcher.jpg\",\"contentUrl\":\"https:\\\/\\\/xn--orgenes-8ya.virginiamedinagarcia.com\\\/wp-content\\\/uploads\\\/2023\\\/07\\\/dream-catcher.jpg\",\"width\":250,\"height\":250},{\"@type\":\"BreadcrumbList\",\"@id\":\"https:\\\/\\\/xn--orgenes-8ya.virginiamedinagarcia.com\\\/google93a1bb0255899ae7.html\\\/producto\\\/dream-catcher\\\/#breadcrumb\",\"itemListElement\":[{\"@type\":\"ListItem\",\"position\":1,\"name\":\"Portada\",\"item\":\"https:\\\/\\\/xn--orgenes-8ya.virginiamedinagarcia.com\\\/google93a1bb0255899ae7.html\\\/\"},{\"@type\":\"ListItem\",\"position\":2,\"name\":\"Tienda Young living\",\"item\":\"https:\\\/\\\/xn--orgenes-8ya.virginiamedinagarcia.com\\\/google93a1bb0255899ae7.html\\\/tienda-young-living\\\/\"},{\"@type\":\"ListItem\",\"position\":3,\"name\":\"Dream Catcher\"}]},{\"@type\":\"WebSite\",\"@id\":\"https:\\\/\\\/xn--orgenes-8ya.virginiamedinagarcia.com\\\/google93a1bb0255899ae7.html\\\/#website\",\"url\":\"https:\\\/\\\/xn--orgenes-8ya.virginiamedinagarcia.com\\\/google93a1bb0255899ae7.html\\\/\",\"name\":\"Or\u00edgenes Esenciales\",\"description\":\"Todo un mundo de crecimiento personal \",\"publisher\":{\"@id\":\"https:\\\/\\\/xn--orgenes-8ya.virginiamedinagarcia.com\\\/google93a1bb0255899ae7.html\\\/#organization\"},\"potentialAction\":[{\"@type\":\"SearchAction\",\"target\":{\"@type\":\"EntryPoint\",\"urlTemplate\":\"https:\\\/\\\/xn--orgenes-8ya.virginiamedinagarcia.com\\\/google93a1bb0255899ae7.html\\\/?s={search_term_string}\"},\"query-input\":{\"@type\":\"PropertyValueSpecification\",\"valueRequired\":true,\"valueName\":\"search_term_string\"}}],\"inLanguage\":\"es\"},{\"@type\":\"Organization\",\"@id\":\"https:\\\/\\\/xn--orgenes-8ya.virginiamedinagarcia.com\\\/google93a1bb0255899ae7.html\\\/#organization\",\"name\":\"Or\u00edgenes Esenciales\",\"url\":\"https:\\\/\\\/xn--orgenes-8ya.virginiamedinagarcia.com\\\/google93a1bb0255899ae7.html\\\/\",\"logo\":{\"@type\":\"ImageObject\",\"inLanguage\":\"es\",\"@id\":\"https:\\\/\\\/xn--orgenes-8ya.virginiamedinagarcia.com\\\/google93a1bb0255899ae7.html\\\/#\\\/schema\\\/logo\\\/image\\\/\",\"url\":\"https:\\\/\\\/xn--orgenes-8ya.virginiamedinagarcia.com\\\/wp-content\\\/uploads\\\/2024\\\/02\\\/cropped-Logo-ORIGENES-ESENCIALES-WEB.png\",\"contentUrl\":\"https:\\\/\\\/xn--orgenes-8ya.virginiamedinagarcia.com\\\/wp-content\\\/uploads\\\/2024\\\/02\\\/cropped-Logo-ORIGENES-ESENCIALES-WEB.png\",\"width\":500,\"height\":378,\"caption\":\"Or\u00edgenes Esenciales\"},\"image\":{\"@id\":\"https:\\\/\\\/xn--orgenes-8ya.virginiamedinagarcia.com\\\/google93a1bb0255899ae7.html\\\/#\\\/schema\\\/logo\\\/image\\\/\"}}]}<\/script>\n<!-- \/ Yoast SEO Premium plugin. -->","yoast_head_json":{"title":"Dream Catcher - Or\u00edgenes Esenciales","robots":{"index":"noindex","follow":"follow","max-snippet":"max-snippet:-1","max-image-preview":"max-image-preview:large","max-video-preview":"max-video-preview:-1"},"og_locale":"es_ES","og_type":"article","og_title":"Dream Catcher","og_description":"Aceite de\u00a0Santalum album* (S\u00e1ndalo), aceite de c\u00e1scara de\u00a0Citrus reticulata* (Clementina), aceite de flor de\u00a0Cananga odorata* (Ylang ylang), aceite de fruto de\u00a0Piper nigrum* (Pimienta negra), aceite de c\u00e1scara\u00a0Citrus aurantium bergamia* (Bergamota), aceite de semilla de\u00a0Pimpinella anisum* an\u00eds, aceite de\u00a0Juniperus osteosperma* (Enebro), aceite de flor de\u00a0Pelargonium graveolens* (Geranio), aceite de madera de\u00a0Callitris intratropica\u00a0(Cipr\u00e9s azul), aceite de flor de\u00a0Artemisia pallens* (Davana), extracto de hoja de (Citrus hystrix* (Lima kafir), aceite de\u00a0Jasminum officinale^^ (Jazm\u00edn), aceite de flor de\u00a0Chamomilla recutita* (Manzanilla alemana), aceite de flor de\u00a0Tanacetum annuum* (Tanaceto azul), aceite de flor de\u00a0Rosa damascena* (Rosa), aceite de c\u00e1scara de\u00a0Citrus paradisi* (Pomelo), extracto de hoja de\u00a0Mentha spicata* (Hierbabuena), aceite de c\u00e1scara de\u00a0Citrus limon* (Limon), aceite de hoja de\u00a0Ocotea quixos* (Ocotea).  Puede contener: alcohol de bencilo**, benzoato de bencilo**, salicilato de bencilo**, cinnamal*, alcohol cinnamil**, citral**, citronelol**, eugenol**, farnesol**, geraniol**, isoeugenol**, limoneno**, linalool**.  *100% aceite esencial puro. ^^100% puro absoluto. **Componentes naturales de aceites esenciales.","og_url":"https:\/\/xn--orgenes-8ya.virginiamedinagarcia.com\/google93a1bb0255899ae7.html\/producto\/dream-catcher\/","og_site_name":"Or\u00edgenes Esenciales","og_image":[{"width":250,"height":250,"url":"https:\/\/xn--orgenes-8ya.virginiamedinagarcia.com\/wp-content\/uploads\/2023\/07\/dream-catcher.jpg","type":"image\/jpeg"}],"twitter_card":"summary_large_image","schema":{"@context":"https:\/\/schema.org","@graph":[{"@type":"WebPage","@id":"https:\/\/xn--orgenes-8ya.virginiamedinagarcia.com\/google93a1bb0255899ae7.html\/producto\/dream-catcher\/","url":"https:\/\/xn--orgenes-8ya.virginiamedinagarcia.com\/google93a1bb0255899ae7.html\/producto\/dream-catcher\/","name":"Dream Catcher - Or\u00edgenes Esenciales","isPartOf":{"@id":"https:\/\/xn--orgenes-8ya.virginiamedinagarcia.com\/google93a1bb0255899ae7.html\/#website"},"primaryImageOfPage":{"@id":"https:\/\/xn--orgenes-8ya.virginiamedinagarcia.com\/google93a1bb0255899ae7.html\/producto\/dream-catcher\/#primaryimage"},"image":{"@id":"https:\/\/xn--orgenes-8ya.virginiamedinagarcia.com\/google93a1bb0255899ae7.html\/producto\/dream-catcher\/#primaryimage"},"thumbnailUrl":"https:\/\/xn--orgenes-8ya.virginiamedinagarcia.com\/wp-content\/uploads\/2023\/07\/dream-catcher.jpg","datePublished":"2023-07-31T16:09:46+00:00","breadcrumb":{"@id":"https:\/\/xn--orgenes-8ya.virginiamedinagarcia.com\/google93a1bb0255899ae7.html\/producto\/dream-catcher\/#breadcrumb"},"inLanguage":"es","potentialAction":[{"@type":"ReadAction","target":["https:\/\/xn--orgenes-8ya.virginiamedinagarcia.com\/google93a1bb0255899ae7.html\/producto\/dream-catcher\/"]}]},{"@type":"ImageObject","inLanguage":"es","@id":"https:\/\/xn--orgenes-8ya.virginiamedinagarcia.com\/google93a1bb0255899ae7.html\/producto\/dream-catcher\/#primaryimage","url":"https:\/\/xn--orgenes-8ya.virginiamedinagarcia.com\/wp-content\/uploads\/2023\/07\/dream-catcher.jpg","contentUrl":"https:\/\/xn--orgenes-8ya.virginiamedinagarcia.com\/wp-content\/uploads\/2023\/07\/dream-catcher.jpg","width":250,"height":250},{"@type":"BreadcrumbList","@id":"https:\/\/xn--orgenes-8ya.virginiamedinagarcia.com\/google93a1bb0255899ae7.html\/producto\/dream-catcher\/#breadcrumb","itemListElement":[{"@type":"ListItem","position":1,"name":"Portada","item":"https:\/\/xn--orgenes-8ya.virginiamedinagarcia.com\/google93a1bb0255899ae7.html\/"},{"@type":"ListItem","position":2,"name":"Tienda Young living","item":"https:\/\/xn--orgenes-8ya.virginiamedinagarcia.com\/google93a1bb0255899ae7.html\/tienda-young-living\/"},{"@type":"ListItem","position":3,"name":"Dream Catcher"}]},{"@type":"WebSite","@id":"https:\/\/xn--orgenes-8ya.virginiamedinagarcia.com\/google93a1bb0255899ae7.html\/#website","url":"https:\/\/xn--orgenes-8ya.virginiamedinagarcia.com\/google93a1bb0255899ae7.html\/","name":"Or\u00edgenes Esenciales","description":"Todo un mundo de crecimiento personal ","publisher":{"@id":"https:\/\/xn--orgenes-8ya.virginiamedinagarcia.com\/google93a1bb0255899ae7.html\/#organization"},"potentialAction":[{"@type":"SearchAction","target":{"@type":"EntryPoint","urlTemplate":"https:\/\/xn--orgenes-8ya.virginiamedinagarcia.com\/google93a1bb0255899ae7.html\/?s={search_term_string}"},"query-input":{"@type":"PropertyValueSpecification","valueRequired":true,"valueName":"search_term_string"}}],"inLanguage":"es"},{"@type":"Organization","@id":"https:\/\/xn--orgenes-8ya.virginiamedinagarcia.com\/google93a1bb0255899ae7.html\/#organization","name":"Or\u00edgenes Esenciales","url":"https:\/\/xn--orgenes-8ya.virginiamedinagarcia.com\/google93a1bb0255899ae7.html\/","logo":{"@type":"ImageObject","inLanguage":"es","@id":"https:\/\/xn--orgenes-8ya.virginiamedinagarcia.com\/google93a1bb0255899ae7.html\/#\/schema\/logo\/image\/","url":"https:\/\/xn--orgenes-8ya.virginiamedinagarcia.com\/wp-content\/uploads\/2024\/02\/cropped-Logo-ORIGENES-ESENCIALES-WEB.png","contentUrl":"https:\/\/xn--orgenes-8ya.virginiamedinagarcia.com\/wp-content\/uploads\/2024\/02\/cropped-Logo-ORIGENES-ESENCIALES-WEB.png","width":500,"height":378,"caption":"Or\u00edgenes Esenciales"},"image":{"@id":"https:\/\/xn--orgenes-8ya.virginiamedinagarcia.com\/google93a1bb0255899ae7.html\/#\/schema\/logo\/image\/"}}]}},"_links":{"self":[{"href":"https:\/\/xn--orgenes-8ya.virginiamedinagarcia.com\/google93a1bb0255899ae7.html\/wp-json\/wp\/v2\/product\/1355","targetHints":{"allow":["GET"]}}],"collection":[{"href":"https:\/\/xn--orgenes-8ya.virginiamedinagarcia.com\/google93a1bb0255899ae7.html\/wp-json\/wp\/v2\/product"}],"about":[{"href":"https:\/\/xn--orgenes-8ya.virginiamedinagarcia.com\/google93a1bb0255899ae7.html\/wp-json\/wp\/v2\/types\/product"}],"replies":[{"embeddable":true,"href":"https:\/\/xn--orgenes-8ya.virginiamedinagarcia.com\/google93a1bb0255899ae7.html\/wp-json\/wp\/v2\/comments?post=1355"}],"version-history":[{"count":0,"href":"https:\/\/xn--orgenes-8ya.virginiamedinagarcia.com\/google93a1bb0255899ae7.html\/wp-json\/wp\/v2\/product\/1355\/revisions"}],"wp:featuredmedia":[{"embeddable":true,"href":"https:\/\/xn--orgenes-8ya.virginiamedinagarcia.com\/google93a1bb0255899ae7.html\/wp-json\/wp\/v2\/media\/1278"}],"wp:attachment":[{"href":"https:\/\/xn--orgenes-8ya.virginiamedinagarcia.com\/google93a1bb0255899ae7.html\/wp-json\/wp\/v2\/media?parent=1355"}],"wp:term":[{"taxonomy":"product_brand","embeddable":true,"href":"https:\/\/xn--orgenes-8ya.virginiamedinagarcia.com\/google93a1bb0255899ae7.html\/wp-json\/wp\/v2\/product_brand?post=1355"},{"taxonomy":"product_cat","embeddable":true,"href":"https:\/\/xn--orgenes-8ya.virginiamedinagarcia.com\/google93a1bb0255899ae7.html\/wp-json\/wp\/v2\/product_cat?post=1355"},{"taxonomy":"product_tag","embeddable":true,"href":"https:\/\/xn--orgenes-8ya.virginiamedinagarcia.com\/google93a1bb0255899ae7.html\/wp-json\/wp\/v2\/product_tag?post=1355"}],"curies":[{"name":"wp","href":"https:\/\/api.w.org\/{rel}","templated":true}]}}