{"id":1345,"date":"2023-07-31T15:09:25","date_gmt":"2023-07-31T15:09:25","guid":{"rendered":"https:\/\/xn--orgenes-8ya.virginiamedinagarcia.com\/?post_type=product&#038;p=1345"},"modified":"2023-07-31T15:09:58","modified_gmt":"2023-07-31T15:09:58","slug":"1345","status":"publish","type":"product","link":"https:\/\/xn--orgenes-8ya.virginiamedinagarcia.com\/google93a1bb0255899ae7.html\/producto\/1345\/","title":{"rendered":"Brain Power"},"content":{"rendered":"<div class=\"description\">\n<p>Creada con cedro, incienso y melisa, Brain Power es una infusi\u00f3n rica y decadente de hierbas y extractos bot\u00e1nicos de la m\u00e1s alta calidad. Contribuye a la calma, la concentraci\u00f3n y el flujo aplic\u00e1ndolo en tus puntos de pulso. Puedes respirar su aroma terroso y refrescante para una inyecci\u00f3n de energ\u00eda. Tambi\u00e9n puedes relajarte disfrutando de un ba\u00f1o caliente con unas pocas gotas arom\u00e1ticas. Esta mezcla herb\u00e1cea es una luminosa fragancia que envolver\u00e1 tus sentidos, d\u00e1ndote energ\u00eda para hacer m\u00e1s y ser m\u00e1s.<\/p>\n<\/div>\n<div id=\"shoppingInformation\" class=\"shopping-information active\">\n<div class=\"sku-information\"><\/div>\n<\/div>\n","protected":false},"excerpt":{"rendered":"<p>Aceite de madera de\u00a0<i>Santalum album<\/i>* (S\u00e1ndalo sagrado), aceite de corteza de\u00a0<i>Cedrus atlantica<\/i>* (Cedro), aceite de\u00a0<i>Boswellia carterii<\/i>* (Incienso), aceite de hoja de\u00a0<i>Melissa officinalis<\/i>* (Melisa), aceite de madera de\u00a0<i>Callitris intratropica<\/i>* (P\u00edcea azul de Idaho), aceite de\u00a0<i>Lavandula angustifolia<\/i>* (Lavanda), aceite de flor de\u00a0<i>Helichrysum italicum<\/i>* (Helicriso).<\/p>\n<p>Puede contener: citral**, citronelol**, cumarina**, geraniol**, limoneno** y linalool**.<\/p>\n<p>*100% aceite esencial puro.<br \/>\n**Componentes naturales de aceites esenciales.<\/p>\n","protected":false},"featured_media":1271,"comment_status":"open","ping_status":"closed","template":"","meta":{"saved_in_kubio":false,"om_disable_all_campaigns":false,"_monsterinsights_skip_tracking":false,"_monsterinsights_sitenote_active":false,"_monsterinsights_sitenote_note":"","_monsterinsights_sitenote_category":0},"product_brand":[],"product_cat":[55],"product_tag":[56],"class_list":{"0":"post-1345","1":"product","2":"type-product","3":"status-publish","4":"has-post-thumbnail","6":"product_cat-mezcla-de-aceites","7":"product_tag-mezcla-de-aceites","9":"first","10":"instock","11":"shipping-taxable","12":"product-type-external"},"yoast_head":"<!-- This site is optimized with the Yoast SEO Premium plugin v22.0 (Yoast SEO v27.6) - https:\/\/yoast.com\/product\/yoast-seo-premium-wordpress\/ -->\n<title>Brain Power - Or\u00edgenes Esenciales<\/title>\n<meta name=\"robots\" content=\"noindex, follow, max-snippet:-1, max-image-preview:large, max-video-preview:-1\" \/>\n<meta property=\"og:locale\" content=\"es_ES\" \/>\n<meta property=\"og:type\" content=\"article\" \/>\n<meta property=\"og:title\" content=\"Brain Power\" \/>\n<meta property=\"og:description\" content=\"Aceite de madera de\u00a0Santalum album* (S\u00e1ndalo sagrado), aceite de corteza de\u00a0Cedrus atlantica* (Cedro), aceite de\u00a0Boswellia carterii* (Incienso), aceite de hoja de\u00a0Melissa officinalis* (Melisa), aceite de madera de\u00a0Callitris intratropica* (P\u00edcea azul de Idaho), aceite de\u00a0Lavandula angustifolia* (Lavanda), aceite de flor de\u00a0Helichrysum italicum* (Helicriso).  Puede contener: citral**, citronelol**, cumarina**, geraniol**, limoneno** y linalool**.  *100% aceite esencial puro. **Componentes naturales de aceites esenciales.\" \/>\n<meta property=\"og:url\" content=\"https:\/\/xn--orgenes-8ya.virginiamedinagarcia.com\/google93a1bb0255899ae7.html\/producto\/1345\/\" \/>\n<meta property=\"og:site_name\" content=\"Or\u00edgenes Esenciales\" \/>\n<meta property=\"article:modified_time\" content=\"2023-07-31T15:09:58+00:00\" \/>\n<meta property=\"og:image\" content=\"https:\/\/xn--orgenes-8ya.virginiamedinagarcia.com\/wp-content\/uploads\/2023\/07\/brain-power.jpg\" \/>\n\t<meta property=\"og:image:width\" content=\"250\" \/>\n\t<meta property=\"og:image:height\" content=\"250\" \/>\n\t<meta property=\"og:image:type\" content=\"image\/jpeg\" \/>\n<meta name=\"twitter:card\" content=\"summary_large_image\" \/>\n<script type=\"application\/ld+json\" class=\"yoast-schema-graph\">{\"@context\":\"https:\\\/\\\/schema.org\",\"@graph\":[{\"@type\":\"WebPage\",\"@id\":\"https:\\\/\\\/xn--orgenes-8ya.virginiamedinagarcia.com\\\/google93a1bb0255899ae7.html\\\/producto\\\/1345\\\/\",\"url\":\"https:\\\/\\\/xn--orgenes-8ya.virginiamedinagarcia.com\\\/google93a1bb0255899ae7.html\\\/producto\\\/1345\\\/\",\"name\":\"Brain Power - Or\u00edgenes Esenciales\",\"isPartOf\":{\"@id\":\"https:\\\/\\\/xn--orgenes-8ya.virginiamedinagarcia.com\\\/google93a1bb0255899ae7.html\\\/#website\"},\"primaryImageOfPage\":{\"@id\":\"https:\\\/\\\/xn--orgenes-8ya.virginiamedinagarcia.com\\\/google93a1bb0255899ae7.html\\\/producto\\\/1345\\\/#primaryimage\"},\"image\":{\"@id\":\"https:\\\/\\\/xn--orgenes-8ya.virginiamedinagarcia.com\\\/google93a1bb0255899ae7.html\\\/producto\\\/1345\\\/#primaryimage\"},\"thumbnailUrl\":\"https:\\\/\\\/xn--orgenes-8ya.virginiamedinagarcia.com\\\/wp-content\\\/uploads\\\/2023\\\/07\\\/brain-power.jpg\",\"datePublished\":\"2023-07-31T15:09:25+00:00\",\"dateModified\":\"2023-07-31T15:09:58+00:00\",\"breadcrumb\":{\"@id\":\"https:\\\/\\\/xn--orgenes-8ya.virginiamedinagarcia.com\\\/google93a1bb0255899ae7.html\\\/producto\\\/1345\\\/#breadcrumb\"},\"inLanguage\":\"es\",\"potentialAction\":[{\"@type\":\"ReadAction\",\"target\":[\"https:\\\/\\\/xn--orgenes-8ya.virginiamedinagarcia.com\\\/google93a1bb0255899ae7.html\\\/producto\\\/1345\\\/\"]}]},{\"@type\":\"ImageObject\",\"inLanguage\":\"es\",\"@id\":\"https:\\\/\\\/xn--orgenes-8ya.virginiamedinagarcia.com\\\/google93a1bb0255899ae7.html\\\/producto\\\/1345\\\/#primaryimage\",\"url\":\"https:\\\/\\\/xn--orgenes-8ya.virginiamedinagarcia.com\\\/wp-content\\\/uploads\\\/2023\\\/07\\\/brain-power.jpg\",\"contentUrl\":\"https:\\\/\\\/xn--orgenes-8ya.virginiamedinagarcia.com\\\/wp-content\\\/uploads\\\/2023\\\/07\\\/brain-power.jpg\",\"width\":250,\"height\":250},{\"@type\":\"BreadcrumbList\",\"@id\":\"https:\\\/\\\/xn--orgenes-8ya.virginiamedinagarcia.com\\\/google93a1bb0255899ae7.html\\\/producto\\\/1345\\\/#breadcrumb\",\"itemListElement\":[{\"@type\":\"ListItem\",\"position\":1,\"name\":\"Portada\",\"item\":\"https:\\\/\\\/xn--orgenes-8ya.virginiamedinagarcia.com\\\/google93a1bb0255899ae7.html\\\/\"},{\"@type\":\"ListItem\",\"position\":2,\"name\":\"Tienda Young living\",\"item\":\"https:\\\/\\\/xn--orgenes-8ya.virginiamedinagarcia.com\\\/google93a1bb0255899ae7.html\\\/tienda-young-living\\\/\"},{\"@type\":\"ListItem\",\"position\":3,\"name\":\"Brain Power\"}]},{\"@type\":\"WebSite\",\"@id\":\"https:\\\/\\\/xn--orgenes-8ya.virginiamedinagarcia.com\\\/google93a1bb0255899ae7.html\\\/#website\",\"url\":\"https:\\\/\\\/xn--orgenes-8ya.virginiamedinagarcia.com\\\/google93a1bb0255899ae7.html\\\/\",\"name\":\"Or\u00edgenes Esenciales\",\"description\":\"Todo un mundo de crecimiento personal \",\"publisher\":{\"@id\":\"https:\\\/\\\/xn--orgenes-8ya.virginiamedinagarcia.com\\\/google93a1bb0255899ae7.html\\\/#organization\"},\"potentialAction\":[{\"@type\":\"SearchAction\",\"target\":{\"@type\":\"EntryPoint\",\"urlTemplate\":\"https:\\\/\\\/xn--orgenes-8ya.virginiamedinagarcia.com\\\/google93a1bb0255899ae7.html\\\/?s={search_term_string}\"},\"query-input\":{\"@type\":\"PropertyValueSpecification\",\"valueRequired\":true,\"valueName\":\"search_term_string\"}}],\"inLanguage\":\"es\"},{\"@type\":\"Organization\",\"@id\":\"https:\\\/\\\/xn--orgenes-8ya.virginiamedinagarcia.com\\\/google93a1bb0255899ae7.html\\\/#organization\",\"name\":\"Or\u00edgenes Esenciales\",\"url\":\"https:\\\/\\\/xn--orgenes-8ya.virginiamedinagarcia.com\\\/google93a1bb0255899ae7.html\\\/\",\"logo\":{\"@type\":\"ImageObject\",\"inLanguage\":\"es\",\"@id\":\"https:\\\/\\\/xn--orgenes-8ya.virginiamedinagarcia.com\\\/google93a1bb0255899ae7.html\\\/#\\\/schema\\\/logo\\\/image\\\/\",\"url\":\"https:\\\/\\\/xn--orgenes-8ya.virginiamedinagarcia.com\\\/wp-content\\\/uploads\\\/2024\\\/02\\\/cropped-Logo-ORIGENES-ESENCIALES-WEB.png\",\"contentUrl\":\"https:\\\/\\\/xn--orgenes-8ya.virginiamedinagarcia.com\\\/wp-content\\\/uploads\\\/2024\\\/02\\\/cropped-Logo-ORIGENES-ESENCIALES-WEB.png\",\"width\":500,\"height\":378,\"caption\":\"Or\u00edgenes Esenciales\"},\"image\":{\"@id\":\"https:\\\/\\\/xn--orgenes-8ya.virginiamedinagarcia.com\\\/google93a1bb0255899ae7.html\\\/#\\\/schema\\\/logo\\\/image\\\/\"}}]}<\/script>\n<!-- \/ Yoast SEO Premium plugin. -->","yoast_head_json":{"title":"Brain Power - Or\u00edgenes Esenciales","robots":{"index":"noindex","follow":"follow","max-snippet":"max-snippet:-1","max-image-preview":"max-image-preview:large","max-video-preview":"max-video-preview:-1"},"og_locale":"es_ES","og_type":"article","og_title":"Brain Power","og_description":"Aceite de madera de\u00a0Santalum album* (S\u00e1ndalo sagrado), aceite de corteza de\u00a0Cedrus atlantica* (Cedro), aceite de\u00a0Boswellia carterii* (Incienso), aceite de hoja de\u00a0Melissa officinalis* (Melisa), aceite de madera de\u00a0Callitris intratropica* (P\u00edcea azul de Idaho), aceite de\u00a0Lavandula angustifolia* (Lavanda), aceite de flor de\u00a0Helichrysum italicum* (Helicriso).  Puede contener: citral**, citronelol**, cumarina**, geraniol**, limoneno** y linalool**.  *100% aceite esencial puro. **Componentes naturales de aceites esenciales.","og_url":"https:\/\/xn--orgenes-8ya.virginiamedinagarcia.com\/google93a1bb0255899ae7.html\/producto\/1345\/","og_site_name":"Or\u00edgenes Esenciales","article_modified_time":"2023-07-31T15:09:58+00:00","og_image":[{"width":250,"height":250,"url":"https:\/\/xn--orgenes-8ya.virginiamedinagarcia.com\/wp-content\/uploads\/2023\/07\/brain-power.jpg","type":"image\/jpeg"}],"twitter_card":"summary_large_image","schema":{"@context":"https:\/\/schema.org","@graph":[{"@type":"WebPage","@id":"https:\/\/xn--orgenes-8ya.virginiamedinagarcia.com\/google93a1bb0255899ae7.html\/producto\/1345\/","url":"https:\/\/xn--orgenes-8ya.virginiamedinagarcia.com\/google93a1bb0255899ae7.html\/producto\/1345\/","name":"Brain Power - Or\u00edgenes Esenciales","isPartOf":{"@id":"https:\/\/xn--orgenes-8ya.virginiamedinagarcia.com\/google93a1bb0255899ae7.html\/#website"},"primaryImageOfPage":{"@id":"https:\/\/xn--orgenes-8ya.virginiamedinagarcia.com\/google93a1bb0255899ae7.html\/producto\/1345\/#primaryimage"},"image":{"@id":"https:\/\/xn--orgenes-8ya.virginiamedinagarcia.com\/google93a1bb0255899ae7.html\/producto\/1345\/#primaryimage"},"thumbnailUrl":"https:\/\/xn--orgenes-8ya.virginiamedinagarcia.com\/wp-content\/uploads\/2023\/07\/brain-power.jpg","datePublished":"2023-07-31T15:09:25+00:00","dateModified":"2023-07-31T15:09:58+00:00","breadcrumb":{"@id":"https:\/\/xn--orgenes-8ya.virginiamedinagarcia.com\/google93a1bb0255899ae7.html\/producto\/1345\/#breadcrumb"},"inLanguage":"es","potentialAction":[{"@type":"ReadAction","target":["https:\/\/xn--orgenes-8ya.virginiamedinagarcia.com\/google93a1bb0255899ae7.html\/producto\/1345\/"]}]},{"@type":"ImageObject","inLanguage":"es","@id":"https:\/\/xn--orgenes-8ya.virginiamedinagarcia.com\/google93a1bb0255899ae7.html\/producto\/1345\/#primaryimage","url":"https:\/\/xn--orgenes-8ya.virginiamedinagarcia.com\/wp-content\/uploads\/2023\/07\/brain-power.jpg","contentUrl":"https:\/\/xn--orgenes-8ya.virginiamedinagarcia.com\/wp-content\/uploads\/2023\/07\/brain-power.jpg","width":250,"height":250},{"@type":"BreadcrumbList","@id":"https:\/\/xn--orgenes-8ya.virginiamedinagarcia.com\/google93a1bb0255899ae7.html\/producto\/1345\/#breadcrumb","itemListElement":[{"@type":"ListItem","position":1,"name":"Portada","item":"https:\/\/xn--orgenes-8ya.virginiamedinagarcia.com\/google93a1bb0255899ae7.html\/"},{"@type":"ListItem","position":2,"name":"Tienda Young living","item":"https:\/\/xn--orgenes-8ya.virginiamedinagarcia.com\/google93a1bb0255899ae7.html\/tienda-young-living\/"},{"@type":"ListItem","position":3,"name":"Brain Power"}]},{"@type":"WebSite","@id":"https:\/\/xn--orgenes-8ya.virginiamedinagarcia.com\/google93a1bb0255899ae7.html\/#website","url":"https:\/\/xn--orgenes-8ya.virginiamedinagarcia.com\/google93a1bb0255899ae7.html\/","name":"Or\u00edgenes Esenciales","description":"Todo un mundo de crecimiento personal ","publisher":{"@id":"https:\/\/xn--orgenes-8ya.virginiamedinagarcia.com\/google93a1bb0255899ae7.html\/#organization"},"potentialAction":[{"@type":"SearchAction","target":{"@type":"EntryPoint","urlTemplate":"https:\/\/xn--orgenes-8ya.virginiamedinagarcia.com\/google93a1bb0255899ae7.html\/?s={search_term_string}"},"query-input":{"@type":"PropertyValueSpecification","valueRequired":true,"valueName":"search_term_string"}}],"inLanguage":"es"},{"@type":"Organization","@id":"https:\/\/xn--orgenes-8ya.virginiamedinagarcia.com\/google93a1bb0255899ae7.html\/#organization","name":"Or\u00edgenes Esenciales","url":"https:\/\/xn--orgenes-8ya.virginiamedinagarcia.com\/google93a1bb0255899ae7.html\/","logo":{"@type":"ImageObject","inLanguage":"es","@id":"https:\/\/xn--orgenes-8ya.virginiamedinagarcia.com\/google93a1bb0255899ae7.html\/#\/schema\/logo\/image\/","url":"https:\/\/xn--orgenes-8ya.virginiamedinagarcia.com\/wp-content\/uploads\/2024\/02\/cropped-Logo-ORIGENES-ESENCIALES-WEB.png","contentUrl":"https:\/\/xn--orgenes-8ya.virginiamedinagarcia.com\/wp-content\/uploads\/2024\/02\/cropped-Logo-ORIGENES-ESENCIALES-WEB.png","width":500,"height":378,"caption":"Or\u00edgenes Esenciales"},"image":{"@id":"https:\/\/xn--orgenes-8ya.virginiamedinagarcia.com\/google93a1bb0255899ae7.html\/#\/schema\/logo\/image\/"}}]}},"_links":{"self":[{"href":"https:\/\/xn--orgenes-8ya.virginiamedinagarcia.com\/google93a1bb0255899ae7.html\/wp-json\/wp\/v2\/product\/1345","targetHints":{"allow":["GET"]}}],"collection":[{"href":"https:\/\/xn--orgenes-8ya.virginiamedinagarcia.com\/google93a1bb0255899ae7.html\/wp-json\/wp\/v2\/product"}],"about":[{"href":"https:\/\/xn--orgenes-8ya.virginiamedinagarcia.com\/google93a1bb0255899ae7.html\/wp-json\/wp\/v2\/types\/product"}],"replies":[{"embeddable":true,"href":"https:\/\/xn--orgenes-8ya.virginiamedinagarcia.com\/google93a1bb0255899ae7.html\/wp-json\/wp\/v2\/comments?post=1345"}],"version-history":[{"count":0,"href":"https:\/\/xn--orgenes-8ya.virginiamedinagarcia.com\/google93a1bb0255899ae7.html\/wp-json\/wp\/v2\/product\/1345\/revisions"}],"wp:featuredmedia":[{"embeddable":true,"href":"https:\/\/xn--orgenes-8ya.virginiamedinagarcia.com\/google93a1bb0255899ae7.html\/wp-json\/wp\/v2\/media\/1271"}],"wp:attachment":[{"href":"https:\/\/xn--orgenes-8ya.virginiamedinagarcia.com\/google93a1bb0255899ae7.html\/wp-json\/wp\/v2\/media?parent=1345"}],"wp:term":[{"taxonomy":"product_brand","embeddable":true,"href":"https:\/\/xn--orgenes-8ya.virginiamedinagarcia.com\/google93a1bb0255899ae7.html\/wp-json\/wp\/v2\/product_brand?post=1345"},{"taxonomy":"product_cat","embeddable":true,"href":"https:\/\/xn--orgenes-8ya.virginiamedinagarcia.com\/google93a1bb0255899ae7.html\/wp-json\/wp\/v2\/product_cat?post=1345"},{"taxonomy":"product_tag","embeddable":true,"href":"https:\/\/xn--orgenes-8ya.virginiamedinagarcia.com\/google93a1bb0255899ae7.html\/wp-json\/wp\/v2\/product_tag?post=1345"}],"curies":[{"name":"wp","href":"https:\/\/api.w.org\/{rel}","templated":true}]}}