{"id":1341,"date":"2023-07-31T08:17:49","date_gmt":"2023-07-31T08:17:49","guid":{"rendered":"https:\/\/xn--orgenes-8ya.virginiamedinagarcia.com\/?post_type=product&#038;p=1341"},"modified":"2023-07-31T15:01:55","modified_gmt":"2023-07-31T15:01:55","slug":"awaken","status":"publish","type":"product","link":"https:\/\/xn--orgenes-8ya.virginiamedinagarcia.com\/google93a1bb0255899ae7.html\/producto\/awaken\/","title":{"rendered":"Awaken"},"content":{"rendered":"<p>Prep\u00e1rate para conquistar el mundo con Awaken. Apl\u00edcalo en los puntos de pulso para contribuir a la calma y el confort. Elaborada con las hierbas y extractos bot\u00e1nicos de la m\u00e1xima calidad, contiene cinco mezcla especiales de Young Living. Pon unas pocas gotas en un ba\u00f1o caliente y deja que tus preocupaciones se disuelvan. Esta potente mezcla es ideal si est\u00e1s buscando cambios positivos en tu vida.<\/p>\n","protected":false},"excerpt":{"rendered":"<p>Triglic\u00e9rido c\u00e1prico\/capr\u00edlico, aceite de\u00a0<i>Prunus amygdalus dulcis<\/i>* (Almendra), aceite de c\u00e1scara de\u00a0<i>Citrus aurantium bergamia<\/i>* (Bergamota) [sin furanocumarinas], aceite de flor de\u00a0<i>Cananga odorata<\/i>* (Ylang ylang), aceite de semilla de\u00a0<i>Sesamum indicum<\/i>* (S\u00e9samo), aceite de flor de\u00a0<i>Pelargonium graveolens<\/i>* (Geranio), aceite de\u00a0<i>Santalum paniculatum<\/i>* (S\u00e1ndalo real hawaiano), aceite de\u00a0<i>Citrus aurantium amara<\/i>* (Naranja amarga, Neroli), aceite de\u00a0<i>Citrus reticulata<\/i>* (Clementina), aceite de c\u00e1scara de\u00a0<i>Citrus limon<\/i>* (Lim\u00f3n), aceite de semilla de\u00a0<i>Coriandrum sativum<\/i>* (Cilantro), aceite de fruto de\u00a0<i>Piper nigrum<\/i>* (Pimienta negra), aceite de resina de\u00a0<i>Boswellia carterii<\/i>* (Incienso), aceite de hoja de\u00a0<i>Melissa officinalis<\/i>* (Melisa), aceite de\u00a0<i>Lavandula angustifolia<\/i>* (Lavanda), aceite de\u00a0<i>Jasminum officinale<\/i>^^, aceite de flor de\u00a0<i>Chamamelum nobilis<\/i>* (Manzanilla com\u00fan), aceite de\u00a0<i>Cymbopogon martinii<\/i>* (Pasto de lim\u00f3n), aceite de hoja de\u00a0<i>Hyssopus officinalis<\/i>* (Hisopo), aceite de\u00a0<i>Helichrysum italicum<\/i>* (Helicriso), aceite de madera de\u00a0<i>Callitris intratropica<\/i>* (Cipr\u00e9s azul), aceite de flor de\u00a0<i>Artemisia pallens<\/i>* (Davana), aceite de hoja de<i>Citrus hystrix<\/i>* (Lima), aceite de c\u00e1scara de\u00a0<i>Citrus paradisi<\/i>* (Pomelo), extracto de hoja de\u00a0<i>Mentha spicata<\/i>* (Hierbabuena).<\/p>\n<p>Puede contener: alcohol de bencilo**, benzoato de bencilo**, salicilato de bencilo**, cinnamal*, alcohol cinnamil**, citral**, citronelol**, cumarina**, eugenol**, farnesol**, geraniol**, isoeugenol**, limoneno**, linalool**.<\/p>\n<p>* Aceite esencial 100 % puro.<br \/>\n** Componentes naturales de aceites esenciales<br \/>\n^^ 100% puro absoluto.<\/p>\n","protected":false},"featured_media":1269,"comment_status":"open","ping_status":"closed","template":"","meta":{"saved_in_kubio":false,"om_disable_all_campaigns":false,"_monsterinsights_skip_tracking":false,"_monsterinsights_sitenote_active":false,"_monsterinsights_sitenote_note":"","_monsterinsights_sitenote_category":0},"product_brand":[],"product_cat":[55],"product_tag":[56],"class_list":{"0":"post-1341","1":"product","2":"type-product","3":"status-publish","4":"has-post-thumbnail","6":"product_cat-mezcla-de-aceites","7":"product_tag-mezcla-de-aceites","9":"first","10":"instock","11":"shipping-taxable","12":"product-type-external"},"yoast_head":"<!-- This site is optimized with the Yoast SEO Premium plugin v22.0 (Yoast SEO v27.6) - https:\/\/yoast.com\/product\/yoast-seo-premium-wordpress\/ -->\n<title>Awaken - Or\u00edgenes Esenciales<\/title>\n<meta name=\"robots\" content=\"noindex, follow, max-snippet:-1, max-image-preview:large, max-video-preview:-1\" \/>\n<meta property=\"og:locale\" content=\"es_ES\" \/>\n<meta property=\"og:type\" content=\"article\" \/>\n<meta property=\"og:title\" content=\"Awaken\" \/>\n<meta property=\"og:description\" content=\"Triglic\u00e9rido c\u00e1prico\/capr\u00edlico, aceite de\u00a0Prunus amygdalus dulcis* (Almendra), aceite de c\u00e1scara de\u00a0Citrus aurantium bergamia* (Bergamota) [sin furanocumarinas], aceite de flor de\u00a0Cananga odorata* (Ylang ylang), aceite de semilla de\u00a0Sesamum indicum* (S\u00e9samo), aceite de flor de\u00a0Pelargonium graveolens* (Geranio), aceite de\u00a0Santalum paniculatum* (S\u00e1ndalo real hawaiano), aceite de\u00a0Citrus aurantium amara* (Naranja amarga, Neroli), aceite de\u00a0Citrus reticulata* (Clementina), aceite de c\u00e1scara de\u00a0Citrus limon* (Lim\u00f3n), aceite de semilla de\u00a0Coriandrum sativum* (Cilantro), aceite de fruto de\u00a0Piper nigrum* (Pimienta negra), aceite de resina de\u00a0Boswellia carterii* (Incienso), aceite de hoja de\u00a0Melissa officinalis* (Melisa), aceite de\u00a0Lavandula angustifolia* (Lavanda), aceite de\u00a0Jasminum officinale^^, aceite de flor de\u00a0Chamamelum nobilis* (Manzanilla com\u00fan), aceite de\u00a0Cymbopogon martinii* (Pasto de lim\u00f3n), aceite de hoja de\u00a0Hyssopus officinalis* (Hisopo), aceite de\u00a0Helichrysum italicum* (Helicriso), aceite de madera de\u00a0Callitris intratropica* (Cipr\u00e9s azul), aceite de flor de\u00a0Artemisia pallens* (Davana), aceite de hoja deCitrus hystrix* (Lima), aceite de c\u00e1scara de\u00a0Citrus paradisi* (Pomelo), extracto de hoja de\u00a0Mentha spicata* (Hierbabuena).  Puede contener: alcohol de bencilo**, benzoato de bencilo**, salicilato de bencilo**, cinnamal*, alcohol cinnamil**, citral**, citronelol**, cumarina**, eugenol**, farnesol**, geraniol**, isoeugenol**, limoneno**, linalool**.  * Aceite esencial 100 % puro. ** Componentes naturales de aceites esenciales ^^ 100% puro absoluto.\" \/>\n<meta property=\"og:url\" content=\"https:\/\/xn--orgenes-8ya.virginiamedinagarcia.com\/google93a1bb0255899ae7.html\/producto\/awaken\/\" \/>\n<meta property=\"og:site_name\" content=\"Or\u00edgenes Esenciales\" \/>\n<meta property=\"article:modified_time\" content=\"2023-07-31T15:01:55+00:00\" \/>\n<meta property=\"og:image\" content=\"https:\/\/xn--orgenes-8ya.virginiamedinagarcia.com\/wp-content\/uploads\/2023\/07\/awaken.jpg\" \/>\n\t<meta property=\"og:image:width\" content=\"250\" \/>\n\t<meta property=\"og:image:height\" content=\"250\" \/>\n\t<meta property=\"og:image:type\" content=\"image\/jpeg\" \/>\n<meta name=\"twitter:card\" content=\"summary_large_image\" \/>\n<script type=\"application\/ld+json\" class=\"yoast-schema-graph\">{\"@context\":\"https:\\\/\\\/schema.org\",\"@graph\":[{\"@type\":\"WebPage\",\"@id\":\"https:\\\/\\\/xn--orgenes-8ya.virginiamedinagarcia.com\\\/google93a1bb0255899ae7.html\\\/producto\\\/awaken\\\/\",\"url\":\"https:\\\/\\\/xn--orgenes-8ya.virginiamedinagarcia.com\\\/google93a1bb0255899ae7.html\\\/producto\\\/awaken\\\/\",\"name\":\"Awaken - Or\u00edgenes Esenciales\",\"isPartOf\":{\"@id\":\"https:\\\/\\\/xn--orgenes-8ya.virginiamedinagarcia.com\\\/google93a1bb0255899ae7.html\\\/#website\"},\"primaryImageOfPage\":{\"@id\":\"https:\\\/\\\/xn--orgenes-8ya.virginiamedinagarcia.com\\\/google93a1bb0255899ae7.html\\\/producto\\\/awaken\\\/#primaryimage\"},\"image\":{\"@id\":\"https:\\\/\\\/xn--orgenes-8ya.virginiamedinagarcia.com\\\/google93a1bb0255899ae7.html\\\/producto\\\/awaken\\\/#primaryimage\"},\"thumbnailUrl\":\"https:\\\/\\\/xn--orgenes-8ya.virginiamedinagarcia.com\\\/wp-content\\\/uploads\\\/2023\\\/07\\\/awaken.jpg\",\"datePublished\":\"2023-07-31T08:17:49+00:00\",\"dateModified\":\"2023-07-31T15:01:55+00:00\",\"breadcrumb\":{\"@id\":\"https:\\\/\\\/xn--orgenes-8ya.virginiamedinagarcia.com\\\/google93a1bb0255899ae7.html\\\/producto\\\/awaken\\\/#breadcrumb\"},\"inLanguage\":\"es\",\"potentialAction\":[{\"@type\":\"ReadAction\",\"target\":[\"https:\\\/\\\/xn--orgenes-8ya.virginiamedinagarcia.com\\\/google93a1bb0255899ae7.html\\\/producto\\\/awaken\\\/\"]}]},{\"@type\":\"ImageObject\",\"inLanguage\":\"es\",\"@id\":\"https:\\\/\\\/xn--orgenes-8ya.virginiamedinagarcia.com\\\/google93a1bb0255899ae7.html\\\/producto\\\/awaken\\\/#primaryimage\",\"url\":\"https:\\\/\\\/xn--orgenes-8ya.virginiamedinagarcia.com\\\/wp-content\\\/uploads\\\/2023\\\/07\\\/awaken.jpg\",\"contentUrl\":\"https:\\\/\\\/xn--orgenes-8ya.virginiamedinagarcia.com\\\/wp-content\\\/uploads\\\/2023\\\/07\\\/awaken.jpg\",\"width\":250,\"height\":250},{\"@type\":\"BreadcrumbList\",\"@id\":\"https:\\\/\\\/xn--orgenes-8ya.virginiamedinagarcia.com\\\/google93a1bb0255899ae7.html\\\/producto\\\/awaken\\\/#breadcrumb\",\"itemListElement\":[{\"@type\":\"ListItem\",\"position\":1,\"name\":\"Portada\",\"item\":\"https:\\\/\\\/xn--orgenes-8ya.virginiamedinagarcia.com\\\/google93a1bb0255899ae7.html\\\/\"},{\"@type\":\"ListItem\",\"position\":2,\"name\":\"Tienda Young living\",\"item\":\"https:\\\/\\\/xn--orgenes-8ya.virginiamedinagarcia.com\\\/google93a1bb0255899ae7.html\\\/tienda-young-living\\\/\"},{\"@type\":\"ListItem\",\"position\":3,\"name\":\"Awaken\"}]},{\"@type\":\"WebSite\",\"@id\":\"https:\\\/\\\/xn--orgenes-8ya.virginiamedinagarcia.com\\\/google93a1bb0255899ae7.html\\\/#website\",\"url\":\"https:\\\/\\\/xn--orgenes-8ya.virginiamedinagarcia.com\\\/google93a1bb0255899ae7.html\\\/\",\"name\":\"Or\u00edgenes Esenciales\",\"description\":\"Todo un mundo de crecimiento personal \",\"publisher\":{\"@id\":\"https:\\\/\\\/xn--orgenes-8ya.virginiamedinagarcia.com\\\/google93a1bb0255899ae7.html\\\/#organization\"},\"potentialAction\":[{\"@type\":\"SearchAction\",\"target\":{\"@type\":\"EntryPoint\",\"urlTemplate\":\"https:\\\/\\\/xn--orgenes-8ya.virginiamedinagarcia.com\\\/google93a1bb0255899ae7.html\\\/?s={search_term_string}\"},\"query-input\":{\"@type\":\"PropertyValueSpecification\",\"valueRequired\":true,\"valueName\":\"search_term_string\"}}],\"inLanguage\":\"es\"},{\"@type\":\"Organization\",\"@id\":\"https:\\\/\\\/xn--orgenes-8ya.virginiamedinagarcia.com\\\/google93a1bb0255899ae7.html\\\/#organization\",\"name\":\"Or\u00edgenes Esenciales\",\"url\":\"https:\\\/\\\/xn--orgenes-8ya.virginiamedinagarcia.com\\\/google93a1bb0255899ae7.html\\\/\",\"logo\":{\"@type\":\"ImageObject\",\"inLanguage\":\"es\",\"@id\":\"https:\\\/\\\/xn--orgenes-8ya.virginiamedinagarcia.com\\\/google93a1bb0255899ae7.html\\\/#\\\/schema\\\/logo\\\/image\\\/\",\"url\":\"https:\\\/\\\/xn--orgenes-8ya.virginiamedinagarcia.com\\\/wp-content\\\/uploads\\\/2024\\\/02\\\/cropped-Logo-ORIGENES-ESENCIALES-WEB.png\",\"contentUrl\":\"https:\\\/\\\/xn--orgenes-8ya.virginiamedinagarcia.com\\\/wp-content\\\/uploads\\\/2024\\\/02\\\/cropped-Logo-ORIGENES-ESENCIALES-WEB.png\",\"width\":500,\"height\":378,\"caption\":\"Or\u00edgenes Esenciales\"},\"image\":{\"@id\":\"https:\\\/\\\/xn--orgenes-8ya.virginiamedinagarcia.com\\\/google93a1bb0255899ae7.html\\\/#\\\/schema\\\/logo\\\/image\\\/\"}}]}<\/script>\n<!-- \/ Yoast SEO Premium plugin. -->","yoast_head_json":{"title":"Awaken - Or\u00edgenes Esenciales","robots":{"index":"noindex","follow":"follow","max-snippet":"max-snippet:-1","max-image-preview":"max-image-preview:large","max-video-preview":"max-video-preview:-1"},"og_locale":"es_ES","og_type":"article","og_title":"Awaken","og_description":"Triglic\u00e9rido c\u00e1prico\/capr\u00edlico, aceite de\u00a0Prunus amygdalus dulcis* (Almendra), aceite de c\u00e1scara de\u00a0Citrus aurantium bergamia* (Bergamota) [sin furanocumarinas], aceite de flor de\u00a0Cananga odorata* (Ylang ylang), aceite de semilla de\u00a0Sesamum indicum* (S\u00e9samo), aceite de flor de\u00a0Pelargonium graveolens* (Geranio), aceite de\u00a0Santalum paniculatum* (S\u00e1ndalo real hawaiano), aceite de\u00a0Citrus aurantium amara* (Naranja amarga, Neroli), aceite de\u00a0Citrus reticulata* (Clementina), aceite de c\u00e1scara de\u00a0Citrus limon* (Lim\u00f3n), aceite de semilla de\u00a0Coriandrum sativum* (Cilantro), aceite de fruto de\u00a0Piper nigrum* (Pimienta negra), aceite de resina de\u00a0Boswellia carterii* (Incienso), aceite de hoja de\u00a0Melissa officinalis* (Melisa), aceite de\u00a0Lavandula angustifolia* (Lavanda), aceite de\u00a0Jasminum officinale^^, aceite de flor de\u00a0Chamamelum nobilis* (Manzanilla com\u00fan), aceite de\u00a0Cymbopogon martinii* (Pasto de lim\u00f3n), aceite de hoja de\u00a0Hyssopus officinalis* (Hisopo), aceite de\u00a0Helichrysum italicum* (Helicriso), aceite de madera de\u00a0Callitris intratropica* (Cipr\u00e9s azul), aceite de flor de\u00a0Artemisia pallens* (Davana), aceite de hoja deCitrus hystrix* (Lima), aceite de c\u00e1scara de\u00a0Citrus paradisi* (Pomelo), extracto de hoja de\u00a0Mentha spicata* (Hierbabuena).  Puede contener: alcohol de bencilo**, benzoato de bencilo**, salicilato de bencilo**, cinnamal*, alcohol cinnamil**, citral**, citronelol**, cumarina**, eugenol**, farnesol**, geraniol**, isoeugenol**, limoneno**, linalool**.  * Aceite esencial 100 % puro. ** Componentes naturales de aceites esenciales ^^ 100% puro absoluto.","og_url":"https:\/\/xn--orgenes-8ya.virginiamedinagarcia.com\/google93a1bb0255899ae7.html\/producto\/awaken\/","og_site_name":"Or\u00edgenes Esenciales","article_modified_time":"2023-07-31T15:01:55+00:00","og_image":[{"width":250,"height":250,"url":"https:\/\/xn--orgenes-8ya.virginiamedinagarcia.com\/wp-content\/uploads\/2023\/07\/awaken.jpg","type":"image\/jpeg"}],"twitter_card":"summary_large_image","schema":{"@context":"https:\/\/schema.org","@graph":[{"@type":"WebPage","@id":"https:\/\/xn--orgenes-8ya.virginiamedinagarcia.com\/google93a1bb0255899ae7.html\/producto\/awaken\/","url":"https:\/\/xn--orgenes-8ya.virginiamedinagarcia.com\/google93a1bb0255899ae7.html\/producto\/awaken\/","name":"Awaken - Or\u00edgenes Esenciales","isPartOf":{"@id":"https:\/\/xn--orgenes-8ya.virginiamedinagarcia.com\/google93a1bb0255899ae7.html\/#website"},"primaryImageOfPage":{"@id":"https:\/\/xn--orgenes-8ya.virginiamedinagarcia.com\/google93a1bb0255899ae7.html\/producto\/awaken\/#primaryimage"},"image":{"@id":"https:\/\/xn--orgenes-8ya.virginiamedinagarcia.com\/google93a1bb0255899ae7.html\/producto\/awaken\/#primaryimage"},"thumbnailUrl":"https:\/\/xn--orgenes-8ya.virginiamedinagarcia.com\/wp-content\/uploads\/2023\/07\/awaken.jpg","datePublished":"2023-07-31T08:17:49+00:00","dateModified":"2023-07-31T15:01:55+00:00","breadcrumb":{"@id":"https:\/\/xn--orgenes-8ya.virginiamedinagarcia.com\/google93a1bb0255899ae7.html\/producto\/awaken\/#breadcrumb"},"inLanguage":"es","potentialAction":[{"@type":"ReadAction","target":["https:\/\/xn--orgenes-8ya.virginiamedinagarcia.com\/google93a1bb0255899ae7.html\/producto\/awaken\/"]}]},{"@type":"ImageObject","inLanguage":"es","@id":"https:\/\/xn--orgenes-8ya.virginiamedinagarcia.com\/google93a1bb0255899ae7.html\/producto\/awaken\/#primaryimage","url":"https:\/\/xn--orgenes-8ya.virginiamedinagarcia.com\/wp-content\/uploads\/2023\/07\/awaken.jpg","contentUrl":"https:\/\/xn--orgenes-8ya.virginiamedinagarcia.com\/wp-content\/uploads\/2023\/07\/awaken.jpg","width":250,"height":250},{"@type":"BreadcrumbList","@id":"https:\/\/xn--orgenes-8ya.virginiamedinagarcia.com\/google93a1bb0255899ae7.html\/producto\/awaken\/#breadcrumb","itemListElement":[{"@type":"ListItem","position":1,"name":"Portada","item":"https:\/\/xn--orgenes-8ya.virginiamedinagarcia.com\/google93a1bb0255899ae7.html\/"},{"@type":"ListItem","position":2,"name":"Tienda Young living","item":"https:\/\/xn--orgenes-8ya.virginiamedinagarcia.com\/google93a1bb0255899ae7.html\/tienda-young-living\/"},{"@type":"ListItem","position":3,"name":"Awaken"}]},{"@type":"WebSite","@id":"https:\/\/xn--orgenes-8ya.virginiamedinagarcia.com\/google93a1bb0255899ae7.html\/#website","url":"https:\/\/xn--orgenes-8ya.virginiamedinagarcia.com\/google93a1bb0255899ae7.html\/","name":"Or\u00edgenes Esenciales","description":"Todo un mundo de crecimiento personal ","publisher":{"@id":"https:\/\/xn--orgenes-8ya.virginiamedinagarcia.com\/google93a1bb0255899ae7.html\/#organization"},"potentialAction":[{"@type":"SearchAction","target":{"@type":"EntryPoint","urlTemplate":"https:\/\/xn--orgenes-8ya.virginiamedinagarcia.com\/google93a1bb0255899ae7.html\/?s={search_term_string}"},"query-input":{"@type":"PropertyValueSpecification","valueRequired":true,"valueName":"search_term_string"}}],"inLanguage":"es"},{"@type":"Organization","@id":"https:\/\/xn--orgenes-8ya.virginiamedinagarcia.com\/google93a1bb0255899ae7.html\/#organization","name":"Or\u00edgenes Esenciales","url":"https:\/\/xn--orgenes-8ya.virginiamedinagarcia.com\/google93a1bb0255899ae7.html\/","logo":{"@type":"ImageObject","inLanguage":"es","@id":"https:\/\/xn--orgenes-8ya.virginiamedinagarcia.com\/google93a1bb0255899ae7.html\/#\/schema\/logo\/image\/","url":"https:\/\/xn--orgenes-8ya.virginiamedinagarcia.com\/wp-content\/uploads\/2024\/02\/cropped-Logo-ORIGENES-ESENCIALES-WEB.png","contentUrl":"https:\/\/xn--orgenes-8ya.virginiamedinagarcia.com\/wp-content\/uploads\/2024\/02\/cropped-Logo-ORIGENES-ESENCIALES-WEB.png","width":500,"height":378,"caption":"Or\u00edgenes Esenciales"},"image":{"@id":"https:\/\/xn--orgenes-8ya.virginiamedinagarcia.com\/google93a1bb0255899ae7.html\/#\/schema\/logo\/image\/"}}]}},"_links":{"self":[{"href":"https:\/\/xn--orgenes-8ya.virginiamedinagarcia.com\/google93a1bb0255899ae7.html\/wp-json\/wp\/v2\/product\/1341","targetHints":{"allow":["GET"]}}],"collection":[{"href":"https:\/\/xn--orgenes-8ya.virginiamedinagarcia.com\/google93a1bb0255899ae7.html\/wp-json\/wp\/v2\/product"}],"about":[{"href":"https:\/\/xn--orgenes-8ya.virginiamedinagarcia.com\/google93a1bb0255899ae7.html\/wp-json\/wp\/v2\/types\/product"}],"replies":[{"embeddable":true,"href":"https:\/\/xn--orgenes-8ya.virginiamedinagarcia.com\/google93a1bb0255899ae7.html\/wp-json\/wp\/v2\/comments?post=1341"}],"version-history":[{"count":0,"href":"https:\/\/xn--orgenes-8ya.virginiamedinagarcia.com\/google93a1bb0255899ae7.html\/wp-json\/wp\/v2\/product\/1341\/revisions"}],"wp:featuredmedia":[{"embeddable":true,"href":"https:\/\/xn--orgenes-8ya.virginiamedinagarcia.com\/google93a1bb0255899ae7.html\/wp-json\/wp\/v2\/media\/1269"}],"wp:attachment":[{"href":"https:\/\/xn--orgenes-8ya.virginiamedinagarcia.com\/google93a1bb0255899ae7.html\/wp-json\/wp\/v2\/media?parent=1341"}],"wp:term":[{"taxonomy":"product_brand","embeddable":true,"href":"https:\/\/xn--orgenes-8ya.virginiamedinagarcia.com\/google93a1bb0255899ae7.html\/wp-json\/wp\/v2\/product_brand?post=1341"},{"taxonomy":"product_cat","embeddable":true,"href":"https:\/\/xn--orgenes-8ya.virginiamedinagarcia.com\/google93a1bb0255899ae7.html\/wp-json\/wp\/v2\/product_cat?post=1341"},{"taxonomy":"product_tag","embeddable":true,"href":"https:\/\/xn--orgenes-8ya.virginiamedinagarcia.com\/google93a1bb0255899ae7.html\/wp-json\/wp\/v2\/product_tag?post=1341"}],"curies":[{"name":"wp","href":"https:\/\/api.w.org\/{rel}","templated":true}]}}