{"id":1092,"date":"2023-02-23T12:53:19","date_gmt":"2023-02-23T12:53:19","guid":{"rendered":"https:\/\/xn--orgenes-8ya.virginiamedinagarcia.com\/?post_type=product&#038;p=1092"},"modified":"2023-08-01T00:04:35","modified_gmt":"2023-08-01T00:04:35","slug":"kit-de-inicio-de-lujo","status":"publish","type":"product","link":"https:\/\/xn--orgenes-8ya.virginiamedinagarcia.com\/google93a1bb0255899ae7.html\/producto\/kit-de-inicio-de-lujo\/","title":{"rendered":"KIT DE INICIO DE LUJO"},"content":{"rendered":"<p>\u00a1Reg\u00edstrate con lo \u00faltimo en productos y experiencia de negocios de Young Living! Este kit de inicio de lujo tiene una relaci\u00f3n calidad-precio extraordinaria y ofrece una introducci\u00f3n completa e intuitiva a los aceites esenciales. Se trata de la opci\u00f3n perfecta para todos aquellos que busquen una verdadera transformaci\u00f3n de sus vidas.<\/p>\n<p>Este\u00a0<b>kit de inicio de lujo<\/b>\u00a0contiene:<\/p>\n<ul>\n<li>Un difusor Dewdrop<\/li>\n<\/ul>\n<p><b>Una colecci\u00f3n de lujo de aceites esenciales<\/b>*:<\/p>\n<ul>\n<li>Lavender de 5 ml,<\/li>\n<li>Peppermint de 5 ml<\/li>\n<li>Lemon 5 de ml<\/li>\n<li>Frankincense de 5 ml<\/li>\n<li>Di-Gize de 5 ml<\/li>\n<li>Thieves\u00ae de 5 ml<\/li>\n<li>Purification\u2122 de 5 ml<\/li>\n<li>R.C.\u2122 de 5 ml<\/li>\n<li>Copaiba de 5 ml<\/li>\n<li>Vanilla\u2122 de 5 ml<\/li>\n<li>Stress Away\u2122 de 5 ml<\/li>\n<li>Accesorio AromaGlide\u2122<\/li>\n<li>Orange de 5 ml<\/li>\n<li>10 tarjetas de presentaci\u00f3n de muestra \u00bfTe gusta? \u00a1Comp\u00e1rtelo!<\/li>\n<li>10 frascos de muestra para aceites esenciales \u00bfTe gusta? \u00a1Comp\u00e1rtelo!<\/li>\n<li>Un Cat\u00e1logo de Productos<\/li>\n<li>Un folleto Descubre tu estilo de vida Young Living<\/li>\n<li>2 bolsitas individuales de 60 ml de NingXia Red\u00ae<\/li>\n<\/ul>\n","protected":false},"excerpt":{"rendered":"<p>Reg\u00edstrate con lo \u00faltimo en productos y experiencia de negocios de Young Living! Este kit de inicio de lujo tiene una relaci\u00f3n calidad-precio extraordinaria y ofrece una introducci\u00f3n completa e intuitiva a los aceites esenciales. Se trata de la opci\u00f3n perfecta para todos aquellos que busquen una verdadera transformaci\u00f3n de sus vidas.<\/p>\n<p>&nbsp;<\/p>\n","protected":false},"featured_media":1093,"comment_status":"open","ping_status":"closed","template":"","meta":{"saved_in_kubio":false,"om_disable_all_campaigns":false,"_monsterinsights_skip_tracking":false,"_monsterinsights_sitenote_active":false,"_monsterinsights_sitenote_note":"","_monsterinsights_sitenote_category":0},"product_brand":[],"product_cat":[45],"product_tag":[44],"class_list":{"0":"post-1092","1":"product","2":"type-product","3":"status-publish","4":"has-post-thumbnail","6":"product_cat-kit-de-inicio","7":"product_tag-kit-de-inicio","9":"first","10":"instock","11":"featured","12":"shipping-taxable","13":"product-type-external"},"yoast_head":"<!-- This site is optimized with the Yoast SEO Premium plugin v22.0 (Yoast SEO v27.6) - https:\/\/yoast.com\/product\/yoast-seo-premium-wordpress\/ -->\n<title>KIT DE INICIO DE LUJO - Or\u00edgenes Esenciales<\/title>\n<meta name=\"robots\" content=\"noindex, follow, max-snippet:-1, max-image-preview:large, max-video-preview:-1\" \/>\n<meta property=\"og:locale\" content=\"es_ES\" \/>\n<meta property=\"og:type\" content=\"article\" \/>\n<meta property=\"og:title\" content=\"KIT DE INICIO DE LUJO\" \/>\n<meta property=\"og:description\" content=\"Reg\u00edstrate con lo \u00faltimo en productos y experiencia de negocios de Young Living! Este kit de inicio de lujo tiene una relaci\u00f3n calidad-precio extraordinaria y ofrece una introducci\u00f3n completa e intuitiva a los aceites esenciales. Se trata de la opci\u00f3n perfecta para todos aquellos que busquen una verdadera transformaci\u00f3n de sus vidas.  &nbsp;\" \/>\n<meta property=\"og:url\" content=\"https:\/\/xn--orgenes-8ya.virginiamedinagarcia.com\/google93a1bb0255899ae7.html\/producto\/kit-de-inicio-de-lujo\/\" \/>\n<meta property=\"og:site_name\" content=\"Or\u00edgenes Esenciales\" \/>\n<meta property=\"article:modified_time\" content=\"2023-08-01T00:04:35+00:00\" \/>\n<meta property=\"og:image\" content=\"https:\/\/xn--orgenes-8ya.virginiamedinagarcia.com\/wp-content\/uploads\/2023\/02\/KIT-DEWDROP.jpg\" \/>\n\t<meta property=\"og:image:width\" content=\"600\" \/>\n\t<meta property=\"og:image:height\" content=\"600\" \/>\n\t<meta property=\"og:image:type\" content=\"image\/jpeg\" \/>\n<meta name=\"twitter:card\" content=\"summary_large_image\" \/>\n<meta name=\"twitter:label1\" content=\"Tiempo de lectura\" \/>\n\t<meta name=\"twitter:data1\" content=\"1 minuto\" \/>\n<script type=\"application\/ld+json\" class=\"yoast-schema-graph\">{\"@context\":\"https:\\\/\\\/schema.org\",\"@graph\":[{\"@type\":\"WebPage\",\"@id\":\"https:\\\/\\\/xn--orgenes-8ya.virginiamedinagarcia.com\\\/google93a1bb0255899ae7.html\\\/producto\\\/kit-de-inicio-de-lujo\\\/\",\"url\":\"https:\\\/\\\/xn--orgenes-8ya.virginiamedinagarcia.com\\\/google93a1bb0255899ae7.html\\\/producto\\\/kit-de-inicio-de-lujo\\\/\",\"name\":\"KIT DE INICIO DE LUJO - Or\u00edgenes Esenciales\",\"isPartOf\":{\"@id\":\"https:\\\/\\\/xn--orgenes-8ya.virginiamedinagarcia.com\\\/google93a1bb0255899ae7.html\\\/#website\"},\"primaryImageOfPage\":{\"@id\":\"https:\\\/\\\/xn--orgenes-8ya.virginiamedinagarcia.com\\\/google93a1bb0255899ae7.html\\\/producto\\\/kit-de-inicio-de-lujo\\\/#primaryimage\"},\"image\":{\"@id\":\"https:\\\/\\\/xn--orgenes-8ya.virginiamedinagarcia.com\\\/google93a1bb0255899ae7.html\\\/producto\\\/kit-de-inicio-de-lujo\\\/#primaryimage\"},\"thumbnailUrl\":\"https:\\\/\\\/xn--orgenes-8ya.virginiamedinagarcia.com\\\/wp-content\\\/uploads\\\/2023\\\/02\\\/KIT-DEWDROP.jpg\",\"datePublished\":\"2023-02-23T12:53:19+00:00\",\"dateModified\":\"2023-08-01T00:04:35+00:00\",\"breadcrumb\":{\"@id\":\"https:\\\/\\\/xn--orgenes-8ya.virginiamedinagarcia.com\\\/google93a1bb0255899ae7.html\\\/producto\\\/kit-de-inicio-de-lujo\\\/#breadcrumb\"},\"inLanguage\":\"es\",\"potentialAction\":[{\"@type\":\"ReadAction\",\"target\":[\"https:\\\/\\\/xn--orgenes-8ya.virginiamedinagarcia.com\\\/google93a1bb0255899ae7.html\\\/producto\\\/kit-de-inicio-de-lujo\\\/\"]}]},{\"@type\":\"ImageObject\",\"inLanguage\":\"es\",\"@id\":\"https:\\\/\\\/xn--orgenes-8ya.virginiamedinagarcia.com\\\/google93a1bb0255899ae7.html\\\/producto\\\/kit-de-inicio-de-lujo\\\/#primaryimage\",\"url\":\"https:\\\/\\\/xn--orgenes-8ya.virginiamedinagarcia.com\\\/wp-content\\\/uploads\\\/2023\\\/02\\\/KIT-DEWDROP.jpg\",\"contentUrl\":\"https:\\\/\\\/xn--orgenes-8ya.virginiamedinagarcia.com\\\/wp-content\\\/uploads\\\/2023\\\/02\\\/KIT-DEWDROP.jpg\",\"width\":600,\"height\":600},{\"@type\":\"BreadcrumbList\",\"@id\":\"https:\\\/\\\/xn--orgenes-8ya.virginiamedinagarcia.com\\\/google93a1bb0255899ae7.html\\\/producto\\\/kit-de-inicio-de-lujo\\\/#breadcrumb\",\"itemListElement\":[{\"@type\":\"ListItem\",\"position\":1,\"name\":\"Portada\",\"item\":\"https:\\\/\\\/xn--orgenes-8ya.virginiamedinagarcia.com\\\/google93a1bb0255899ae7.html\\\/\"},{\"@type\":\"ListItem\",\"position\":2,\"name\":\"Tienda Young living\",\"item\":\"https:\\\/\\\/xn--orgenes-8ya.virginiamedinagarcia.com\\\/google93a1bb0255899ae7.html\\\/tienda-young-living\\\/\"},{\"@type\":\"ListItem\",\"position\":3,\"name\":\"KIT DE INICIO DE LUJO\"}]},{\"@type\":\"WebSite\",\"@id\":\"https:\\\/\\\/xn--orgenes-8ya.virginiamedinagarcia.com\\\/google93a1bb0255899ae7.html\\\/#website\",\"url\":\"https:\\\/\\\/xn--orgenes-8ya.virginiamedinagarcia.com\\\/google93a1bb0255899ae7.html\\\/\",\"name\":\"Or\u00edgenes Esenciales\",\"description\":\"Todo un mundo de crecimiento personal \",\"publisher\":{\"@id\":\"https:\\\/\\\/xn--orgenes-8ya.virginiamedinagarcia.com\\\/google93a1bb0255899ae7.html\\\/#organization\"},\"potentialAction\":[{\"@type\":\"SearchAction\",\"target\":{\"@type\":\"EntryPoint\",\"urlTemplate\":\"https:\\\/\\\/xn--orgenes-8ya.virginiamedinagarcia.com\\\/google93a1bb0255899ae7.html\\\/?s={search_term_string}\"},\"query-input\":{\"@type\":\"PropertyValueSpecification\",\"valueRequired\":true,\"valueName\":\"search_term_string\"}}],\"inLanguage\":\"es\"},{\"@type\":\"Organization\",\"@id\":\"https:\\\/\\\/xn--orgenes-8ya.virginiamedinagarcia.com\\\/google93a1bb0255899ae7.html\\\/#organization\",\"name\":\"Or\u00edgenes Esenciales\",\"url\":\"https:\\\/\\\/xn--orgenes-8ya.virginiamedinagarcia.com\\\/google93a1bb0255899ae7.html\\\/\",\"logo\":{\"@type\":\"ImageObject\",\"inLanguage\":\"es\",\"@id\":\"https:\\\/\\\/xn--orgenes-8ya.virginiamedinagarcia.com\\\/google93a1bb0255899ae7.html\\\/#\\\/schema\\\/logo\\\/image\\\/\",\"url\":\"https:\\\/\\\/xn--orgenes-8ya.virginiamedinagarcia.com\\\/wp-content\\\/uploads\\\/2024\\\/02\\\/cropped-Logo-ORIGENES-ESENCIALES-WEB.png\",\"contentUrl\":\"https:\\\/\\\/xn--orgenes-8ya.virginiamedinagarcia.com\\\/wp-content\\\/uploads\\\/2024\\\/02\\\/cropped-Logo-ORIGENES-ESENCIALES-WEB.png\",\"width\":500,\"height\":378,\"caption\":\"Or\u00edgenes Esenciales\"},\"image\":{\"@id\":\"https:\\\/\\\/xn--orgenes-8ya.virginiamedinagarcia.com\\\/google93a1bb0255899ae7.html\\\/#\\\/schema\\\/logo\\\/image\\\/\"}}]}<\/script>\n<!-- \/ Yoast SEO Premium plugin. -->","yoast_head_json":{"title":"KIT DE INICIO DE LUJO - Or\u00edgenes Esenciales","robots":{"index":"noindex","follow":"follow","max-snippet":"max-snippet:-1","max-image-preview":"max-image-preview:large","max-video-preview":"max-video-preview:-1"},"og_locale":"es_ES","og_type":"article","og_title":"KIT DE INICIO DE LUJO","og_description":"Reg\u00edstrate con lo \u00faltimo en productos y experiencia de negocios de Young Living! Este kit de inicio de lujo tiene una relaci\u00f3n calidad-precio extraordinaria y ofrece una introducci\u00f3n completa e intuitiva a los aceites esenciales. Se trata de la opci\u00f3n perfecta para todos aquellos que busquen una verdadera transformaci\u00f3n de sus vidas.  &nbsp;","og_url":"https:\/\/xn--orgenes-8ya.virginiamedinagarcia.com\/google93a1bb0255899ae7.html\/producto\/kit-de-inicio-de-lujo\/","og_site_name":"Or\u00edgenes Esenciales","article_modified_time":"2023-08-01T00:04:35+00:00","og_image":[{"width":600,"height":600,"url":"https:\/\/xn--orgenes-8ya.virginiamedinagarcia.com\/wp-content\/uploads\/2023\/02\/KIT-DEWDROP.jpg","type":"image\/jpeg"}],"twitter_card":"summary_large_image","twitter_misc":{"Tiempo de lectura":"1 minuto"},"schema":{"@context":"https:\/\/schema.org","@graph":[{"@type":"WebPage","@id":"https:\/\/xn--orgenes-8ya.virginiamedinagarcia.com\/google93a1bb0255899ae7.html\/producto\/kit-de-inicio-de-lujo\/","url":"https:\/\/xn--orgenes-8ya.virginiamedinagarcia.com\/google93a1bb0255899ae7.html\/producto\/kit-de-inicio-de-lujo\/","name":"KIT DE INICIO DE LUJO - Or\u00edgenes Esenciales","isPartOf":{"@id":"https:\/\/xn--orgenes-8ya.virginiamedinagarcia.com\/google93a1bb0255899ae7.html\/#website"},"primaryImageOfPage":{"@id":"https:\/\/xn--orgenes-8ya.virginiamedinagarcia.com\/google93a1bb0255899ae7.html\/producto\/kit-de-inicio-de-lujo\/#primaryimage"},"image":{"@id":"https:\/\/xn--orgenes-8ya.virginiamedinagarcia.com\/google93a1bb0255899ae7.html\/producto\/kit-de-inicio-de-lujo\/#primaryimage"},"thumbnailUrl":"https:\/\/xn--orgenes-8ya.virginiamedinagarcia.com\/wp-content\/uploads\/2023\/02\/KIT-DEWDROP.jpg","datePublished":"2023-02-23T12:53:19+00:00","dateModified":"2023-08-01T00:04:35+00:00","breadcrumb":{"@id":"https:\/\/xn--orgenes-8ya.virginiamedinagarcia.com\/google93a1bb0255899ae7.html\/producto\/kit-de-inicio-de-lujo\/#breadcrumb"},"inLanguage":"es","potentialAction":[{"@type":"ReadAction","target":["https:\/\/xn--orgenes-8ya.virginiamedinagarcia.com\/google93a1bb0255899ae7.html\/producto\/kit-de-inicio-de-lujo\/"]}]},{"@type":"ImageObject","inLanguage":"es","@id":"https:\/\/xn--orgenes-8ya.virginiamedinagarcia.com\/google93a1bb0255899ae7.html\/producto\/kit-de-inicio-de-lujo\/#primaryimage","url":"https:\/\/xn--orgenes-8ya.virginiamedinagarcia.com\/wp-content\/uploads\/2023\/02\/KIT-DEWDROP.jpg","contentUrl":"https:\/\/xn--orgenes-8ya.virginiamedinagarcia.com\/wp-content\/uploads\/2023\/02\/KIT-DEWDROP.jpg","width":600,"height":600},{"@type":"BreadcrumbList","@id":"https:\/\/xn--orgenes-8ya.virginiamedinagarcia.com\/google93a1bb0255899ae7.html\/producto\/kit-de-inicio-de-lujo\/#breadcrumb","itemListElement":[{"@type":"ListItem","position":1,"name":"Portada","item":"https:\/\/xn--orgenes-8ya.virginiamedinagarcia.com\/google93a1bb0255899ae7.html\/"},{"@type":"ListItem","position":2,"name":"Tienda Young living","item":"https:\/\/xn--orgenes-8ya.virginiamedinagarcia.com\/google93a1bb0255899ae7.html\/tienda-young-living\/"},{"@type":"ListItem","position":3,"name":"KIT DE INICIO DE LUJO"}]},{"@type":"WebSite","@id":"https:\/\/xn--orgenes-8ya.virginiamedinagarcia.com\/google93a1bb0255899ae7.html\/#website","url":"https:\/\/xn--orgenes-8ya.virginiamedinagarcia.com\/google93a1bb0255899ae7.html\/","name":"Or\u00edgenes Esenciales","description":"Todo un mundo de crecimiento personal ","publisher":{"@id":"https:\/\/xn--orgenes-8ya.virginiamedinagarcia.com\/google93a1bb0255899ae7.html\/#organization"},"potentialAction":[{"@type":"SearchAction","target":{"@type":"EntryPoint","urlTemplate":"https:\/\/xn--orgenes-8ya.virginiamedinagarcia.com\/google93a1bb0255899ae7.html\/?s={search_term_string}"},"query-input":{"@type":"PropertyValueSpecification","valueRequired":true,"valueName":"search_term_string"}}],"inLanguage":"es"},{"@type":"Organization","@id":"https:\/\/xn--orgenes-8ya.virginiamedinagarcia.com\/google93a1bb0255899ae7.html\/#organization","name":"Or\u00edgenes Esenciales","url":"https:\/\/xn--orgenes-8ya.virginiamedinagarcia.com\/google93a1bb0255899ae7.html\/","logo":{"@type":"ImageObject","inLanguage":"es","@id":"https:\/\/xn--orgenes-8ya.virginiamedinagarcia.com\/google93a1bb0255899ae7.html\/#\/schema\/logo\/image\/","url":"https:\/\/xn--orgenes-8ya.virginiamedinagarcia.com\/wp-content\/uploads\/2024\/02\/cropped-Logo-ORIGENES-ESENCIALES-WEB.png","contentUrl":"https:\/\/xn--orgenes-8ya.virginiamedinagarcia.com\/wp-content\/uploads\/2024\/02\/cropped-Logo-ORIGENES-ESENCIALES-WEB.png","width":500,"height":378,"caption":"Or\u00edgenes Esenciales"},"image":{"@id":"https:\/\/xn--orgenes-8ya.virginiamedinagarcia.com\/google93a1bb0255899ae7.html\/#\/schema\/logo\/image\/"}}]}},"_links":{"self":[{"href":"https:\/\/xn--orgenes-8ya.virginiamedinagarcia.com\/google93a1bb0255899ae7.html\/wp-json\/wp\/v2\/product\/1092","targetHints":{"allow":["GET"]}}],"collection":[{"href":"https:\/\/xn--orgenes-8ya.virginiamedinagarcia.com\/google93a1bb0255899ae7.html\/wp-json\/wp\/v2\/product"}],"about":[{"href":"https:\/\/xn--orgenes-8ya.virginiamedinagarcia.com\/google93a1bb0255899ae7.html\/wp-json\/wp\/v2\/types\/product"}],"replies":[{"embeddable":true,"href":"https:\/\/xn--orgenes-8ya.virginiamedinagarcia.com\/google93a1bb0255899ae7.html\/wp-json\/wp\/v2\/comments?post=1092"}],"version-history":[{"count":0,"href":"https:\/\/xn--orgenes-8ya.virginiamedinagarcia.com\/google93a1bb0255899ae7.html\/wp-json\/wp\/v2\/product\/1092\/revisions"}],"wp:featuredmedia":[{"embeddable":true,"href":"https:\/\/xn--orgenes-8ya.virginiamedinagarcia.com\/google93a1bb0255899ae7.html\/wp-json\/wp\/v2\/media\/1093"}],"wp:attachment":[{"href":"https:\/\/xn--orgenes-8ya.virginiamedinagarcia.com\/google93a1bb0255899ae7.html\/wp-json\/wp\/v2\/media?parent=1092"}],"wp:term":[{"taxonomy":"product_brand","embeddable":true,"href":"https:\/\/xn--orgenes-8ya.virginiamedinagarcia.com\/google93a1bb0255899ae7.html\/wp-json\/wp\/v2\/product_brand?post=1092"},{"taxonomy":"product_cat","embeddable":true,"href":"https:\/\/xn--orgenes-8ya.virginiamedinagarcia.com\/google93a1bb0255899ae7.html\/wp-json\/wp\/v2\/product_cat?post=1092"},{"taxonomy":"product_tag","embeddable":true,"href":"https:\/\/xn--orgenes-8ya.virginiamedinagarcia.com\/google93a1bb0255899ae7.html\/wp-json\/wp\/v2\/product_tag?post=1092"}],"curies":[{"name":"wp","href":"https:\/\/api.w.org\/{rel}","templated":true}]}}